{"id":18,"date":"2018-01-07T19:17:52","date_gmt":"2018-01-07T19:17:52","guid":{"rendered":"https:\/\/sportcopywriters.com\/?page_id=18"},"modified":"2020-12-22T17:38:36","modified_gmt":"2020-12-22T17:38:36","slug":"about","status":"publish","type":"page","link":"https:\/\/sportcopywriters.com\/fr\/about\/","title":{"rendered":"\u00c0 propos"},"content":{"rendered":"<h1 style=\"text-align: center;\"><strong>Une exp\u00e9rience internationale et une expertise en recherche pour vous aider \u00e0 \u00e9lever votre jeu<\/strong><\/h1>\n<h2><img data-recalc-dims=\"1\" loading=\"lazy\" decoding=\"async\" data-attachment-id=\"37\" data-permalink=\"https:\/\/sportcopywriters.com\/fr\/about\/emilieryan-joint-picture_small-square\/#main\" data-orig-file=\"https:\/\/i0.wp.com\/sportcopywriters.com\/wp-content\/uploads\/2018\/01\/EmilieRyan-joint-picture_small-square.jpg?fit=462%2C428&amp;ssl=1\" data-orig-size=\"462,428\" data-comments-opened=\"1\" data-image-meta=\"{&quot;aperture&quot;:&quot;9&quot;,&quot;credit&quot;:&quot;&quot;,&quot;camera&quot;:&quot;Canon EOS-1Ds Mark II&quot;,&quot;caption&quot;:&quot;&quot;,&quot;created_timestamp&quot;:&quot;1458935255&quot;,&quot;copyright&quot;:&quot;&quot;,&quot;focal_length&quot;:&quot;75&quot;,&quot;iso&quot;:&quot;200&quot;,&quot;shutter_speed&quot;:&quot;0.00625&quot;,&quot;title&quot;:&quot;&quot;,&quot;orientation&quot;:&quot;1&quot;}\" data-image-title=\"EmilieRyan joint picture_small square\" data-image-description=\"&lt;p&gt;Milena and John from SportCopywriters&lt;\/p&gt;\" data-image-caption=\"\" data-large-file=\"https:\/\/i0.wp.com\/sportcopywriters.com\/wp-content\/uploads\/2018\/01\/EmilieRyan-joint-picture_small-square.jpg?fit=462%2C428&amp;ssl=1\" class=\"wp-image-37 size-medium aligncenter\" src=\"https:\/\/i0.wp.com\/sportcopywriters.com\/wp-content\/uploads\/2018\/01\/EmilieRyan-joint-picture_small-square.jpg?resize=300%2C278&#038;ssl=1\" alt=\"Milena and John from SportCopywriters\" width=\"300\" height=\"278\" srcset=\"https:\/\/i0.wp.com\/sportcopywriters.com\/wp-content\/uploads\/2018\/01\/EmilieRyan-joint-picture_small-square.jpg?resize=300%2C278&amp;ssl=1 300w, https:\/\/i0.wp.com\/sportcopywriters.com\/wp-content\/uploads\/2018\/01\/EmilieRyan-joint-picture_small-square.jpg?w=462&amp;ssl=1 462w\" sizes=\"auto, (max-width: 300px) 100vw, 300px\" \/><\/h2>\n<h2>Services de B2B et de consultation pour les entreprises de l'industrie du sport par des experts et anciens athl\u00e8tes \u00e9lites<\/h2>\n<p>Nous sommes d'anciens athl\u00e8tes de niveau \u00e9lite en patinage artistique et en football \/ soccer. Nous avons \u00e9galement particip\u00e9 \u00e0 de nombreux autres sports de comp\u00e9tition, dont le rugby, l'athl\u00e9tisme, la lutte et le basketball. Nous avons \u00e9galement \u00e9t\u00e9 entra\u00eeneurs, b\u00e9n\u00e9voles et directeurs sportifs. Nous appr\u00e9cions actuellement l'entra\u00eenement physique (centre d'entra\u00eenement) et le cyclisme. Ainsi, notre exp\u00e9rience sur le terrain informe chaque d\u00e9cision que nous prenons.<\/p>\n<p>L'\u00e9quipe de SportCopywriters: une \u00e9quipe bilingue avec une \u00e9tendue et une profondeur de comp\u00e9tences:<\/p>\n<ul>\n<li>Capacit\u00e9 \u00e0 <strong>adapter la copie<\/strong> \u00e0 votre public sp\u00e9cifique \u2013 chaque copie est diff\u00e9rente<\/li>\n<li><strong>Parfaitement bilingues<\/strong> en fran\u00e7ais et en anglais<\/li>\n<li>Experts en recherche <strong>qualitative et quantitative<\/strong><\/li>\n<li><strong>Expertise en<\/strong> \u00e9criture et pr\u00e9sentation<\/li>\n<li>Capacit\u00e9 \u00e0 <strong>connecter avec les gens<\/strong> \u00e0 de nombreux niveaux (conceptuel, \u00e9motionel et interpersonnel)<\/li>\n<li><strong>Ant\u00e9c\u00e9dents \u00e9prouv\u00e9s<\/strong><\/li>\n<\/ul>\n<p>Ensemble, Milena et John ont <strong>98 articles \u00e9valu\u00e9s par des pairs dans des revues scientifiques internationales, 11 livres et 35 chapitres de livres<\/strong>. Ils ont aussi prononc\u00e9s plus de <strong>160 conf\u00e9rences nationales et internationales<\/strong>. Ils ont aussi particip\u00e9s dans des entrevues pour les m\u00e9dias (radio, presse \u00e9crite, t\u00e9l\u00e9vision).<\/p>\n<h3><strong><img data-recalc-dims=\"1\" loading=\"lazy\" decoding=\"async\" data-attachment-id=\"35\" data-permalink=\"https:\/\/sportcopywriters.com\/fr\/about\/circle_of_success_logo_tile-150\/#main\" data-orig-file=\"https:\/\/i0.wp.com\/sportcopywriters.com\/wp-content\/uploads\/2018\/01\/Circle_of_Success_Logo_Tile-150.jpg?fit=150%2C101&amp;ssl=1\" data-orig-size=\"150,101\" data-comments-opened=\"1\" data-image-meta=\"{&quot;aperture&quot;:&quot;0&quot;,&quot;credit&quot;:&quot;&quot;,&quot;camera&quot;:&quot;&quot;,&quot;caption&quot;:&quot;&quot;,&quot;created_timestamp&quot;:&quot;0&quot;,&quot;copyright&quot;:&quot;&quot;,&quot;focal_length&quot;:&quot;0&quot;,&quot;iso&quot;:&quot;0&quot;,&quot;shutter_speed&quot;:&quot;0&quot;,&quot;title&quot;:&quot;&quot;,&quot;orientation&quot;:&quot;0&quot;}\" data-image-title=\"Circle_of_Success_Logo_Tile-150\" data-image-description=\"&lt;p&gt;AWAI Circle of Success&lt;\/p&gt;\" data-image-caption=\"\" data-large-file=\"https:\/\/i0.wp.com\/sportcopywriters.com\/wp-content\/uploads\/2018\/01\/Circle_of_Success_Logo_Tile-150.jpg?fit=150%2C101&amp;ssl=1\" class=\"alignright size-full wp-image-35\" src=\"https:\/\/i0.wp.com\/sportcopywriters.com\/wp-content\/uploads\/2018\/01\/Circle_of_Success_Logo_Tile-150.jpg?resize=150%2C101&#038;ssl=1\" alt=\"AWAI Circle of Success\" width=\"150\" height=\"101\" \/>Milena M. Parent, PhD<\/strong><\/h3>\n<p>L'exp\u00e9rience de Milena en mati\u00e8re de gestion du sport et des \u00e9v\u00e9nement internationaux, ainsi que son expertise en recherche qualitative, ses excellentes comp\u00e9tences en gestion du temps et sa capacit\u00e9 \u00e0 int\u00e9grer et \u00e0 analyser de mani\u00e8re efficace et efficiente des informations provenant de diff\u00e9rentes sources vous permettent:<\/p>\n<h1 style=\"text-align: center;\"><\/h1>\n<ul>\n<li>Des r\u00e9sultats de qualit\u00e9<\/li>\n<li>Des r\u00e9sultats \u00e0 la fine pointe<\/li>\n<li>Des r\u00e9sultats opportuns<\/li>\n<\/ul>\n<p style=\"text-align: right;\"><img data-recalc-dims=\"1\" loading=\"lazy\" decoding=\"async\" data-attachment-id=\"311\" data-permalink=\"https:\/\/sportcopywriters.com\/fr\/about\/ggi-badge\/#main\" data-orig-file=\"https:\/\/i0.wp.com\/sportcopywriters.com\/wp-content\/uploads\/2020\/04\/GGI-Badge.png?fit=271%2C426&amp;ssl=1\" data-orig-size=\"271,426\" data-comments-opened=\"1\" data-image-meta=\"{&quot;aperture&quot;:&quot;0&quot;,&quot;credit&quot;:&quot;&quot;,&quot;camera&quot;:&quot;&quot;,&quot;caption&quot;:&quot;&quot;,&quot;created_timestamp&quot;:&quot;0&quot;,&quot;copyright&quot;:&quot;&quot;,&quot;focal_length&quot;:&quot;0&quot;,&quot;iso&quot;:&quot;0&quot;,&quot;shutter_speed&quot;:&quot;0&quot;,&quot;title&quot;:&quot;&quot;,&quot;orientation&quot;:&quot;0&quot;}\" data-image-title=\"AWAI-verified white paper specialist badge\" data-image-description=\"&lt;p&gt;AWAI-verified white paper specialist badge&lt;\/p&gt;\" data-image-caption=\"\" data-large-file=\"https:\/\/i0.wp.com\/sportcopywriters.com\/wp-content\/uploads\/2020\/04\/GGI-Badge.png?fit=271%2C426&amp;ssl=1\" class=\"wp-image-311 alignright\" src=\"https:\/\/i0.wp.com\/sportcopywriters.com\/wp-content\/uploads\/2020\/04\/GGI-Badge.png?resize=148%2C232&#038;ssl=1\" alt=\"AWAI-verified white paper specialist badge\" width=\"148\" height=\"232\" srcset=\"https:\/\/i0.wp.com\/sportcopywriters.com\/wp-content\/uploads\/2020\/04\/GGI-Badge.png?resize=191%2C300&amp;ssl=1 191w, https:\/\/i0.wp.com\/sportcopywriters.com\/wp-content\/uploads\/2020\/04\/GGI-Badge.png?w=271&amp;ssl=1 271w\" sizes=\"auto, (max-width: 148px) 100vw, 148px\" \/> <img data-recalc-dims=\"1\" loading=\"lazy\" decoding=\"async\" data-attachment-id=\"383\" data-permalink=\"https:\/\/sportcopywriters.com\/fr\/about\/awai-badge-casestudymastery\/#main\" data-orig-file=\"https:\/\/i0.wp.com\/sportcopywriters.com\/wp-content\/uploads\/2020\/12\/AWAI-Badge-CaseStudyMastery.png?fit=271%2C428&amp;ssl=1\" data-orig-size=\"271,428\" data-comments-opened=\"1\" data-image-meta=\"{&quot;aperture&quot;:&quot;0&quot;,&quot;credit&quot;:&quot;&quot;,&quot;camera&quot;:&quot;&quot;,&quot;caption&quot;:&quot;&quot;,&quot;created_timestamp&quot;:&quot;0&quot;,&quot;copyright&quot;:&quot;&quot;,&quot;focal_length&quot;:&quot;0&quot;,&quot;iso&quot;:&quot;0&quot;,&quot;shutter_speed&quot;:&quot;0&quot;,&quot;title&quot;:&quot;&quot;,&quot;orientation&quot;:&quot;0&quot;}\" data-image-title=\"AWAI Badge &amp;#8211; CaseStudyMastery\" data-image-description=\"\" data-image-caption=\"\" data-large-file=\"https:\/\/i0.wp.com\/sportcopywriters.com\/wp-content\/uploads\/2020\/12\/AWAI-Badge-CaseStudyMastery.png?fit=271%2C428&amp;ssl=1\" class=\"wp-image-383 alignright\" src=\"https:\/\/i0.wp.com\/sportcopywriters.com\/wp-content\/uploads\/2020\/12\/AWAI-Badge-CaseStudyMastery.png?resize=148%2C234&#038;ssl=1\" alt=\"AWAI-verified case study specialist badge\" width=\"148\" height=\"234\" srcset=\"https:\/\/i0.wp.com\/sportcopywriters.com\/wp-content\/uploads\/2020\/12\/AWAI-Badge-CaseStudyMastery.png?resize=190%2C300&amp;ssl=1 190w, https:\/\/i0.wp.com\/sportcopywriters.com\/wp-content\/uploads\/2020\/12\/AWAI-Badge-CaseStudyMastery.png?resize=8%2C12&amp;ssl=1 8w, https:\/\/i0.wp.com\/sportcopywriters.com\/wp-content\/uploads\/2020\/12\/AWAI-Badge-CaseStudyMastery.png?w=271&amp;ssl=1 271w\" sizes=\"auto, (max-width: 148px) 100vw, 148px\" \/><\/p>\n<p>Milena est syst\u00e9matique, consciencieuse, d\u00e9vou\u00e9e et prolifique. Une travailleuse opportune et fiable, elle est ax\u00e9e sur le d\u00e9tail, mais a une vision strat\u00e9gique des projets.<\/p>\n<p>Par exemple, elle a co-\u00e9dit\u00e9 deux manuels prestigieux, <a href=\"https:\/\/uk.sagepub.com\/en-gb\/eur\/the-sage-handbook-of-sport-management\/book243431#description\" target=\"_blank\" rel=\"noopener noreferrer\"><em>le \"SAGE Handbook of Sport Management\"<\/em><\/a> (2017, avec le Prof. Russell Hoye) et <a href=\"https:\/\/www.routledge.com\/Routledge-Handbook-of-Sports-Event-Management\/Parent-Chappelet\/p\/book\/9781138235892\" target=\"_blank\" rel=\"noopener noreferrer\"><em>le \"Routledge Handbook of Sports Event Management\"<\/em><\/a> (2015, avec Prof. Jean-Loup Chappelet) et est co-auteure de <a href=\"https:\/\/www.amazon.ca\/Strategic-Management-Sport-Danny-OBrien\/dp\/1138290033\" target=\"_blank\" rel=\"noopener noreferrer\"><em>Strategic Management in Sport<\/em><\/a> (2019, avec Profs. Danny O\u2019Brien, Lesley Ferkins, et Lisa Gowthorp).<\/p>\n<h4>L'exp\u00e9rience de Milena:<\/h4>\n<ul>\n<li><a href=\"https:\/\/health.uottawa.ca\/people\/parent-milena\" target=\"_blank\" rel=\"noopener noreferrer\">Professeure en <strong>gestion du sport et des \u00e9v\u00e9nements<\/strong> depuis 2005<\/a><\/li>\n<li><strong>Chercheuse<\/strong> <strong>prim\u00e9e<\/strong> (North American Society for Sport Management Research Fellow, prix de Jeune chercheuse du Gouvernement de l'Ontario et de l'Universit\u00e9 d'Ottawa)<\/li>\n<li>Ancienne <strong>patineuse, entra\u00eeneure et b\u00e9n\u00e9vole<\/strong><\/li>\n<li>Exp\u00e9rience dans les <strong>m\u00e9ga \u00e9v\u00e9nements sportifs<\/strong> (ex. Jeux olympiques d'hiver de 2010, Jeux de la Francophonie 2001)<\/li>\n<li><strong>Copywriter\/r\u00e9dactrice<\/strong> B2B, sp\u00e9cialiste v\u00e9rifi\u00e9e par AWI en papiers blancs et \u00e9tudes de cas et membre du Circle of Success<\/li>\n<li><strong>Consultante<\/strong> pour des comit\u00e9s de candidature et organisateurs, pour des villes candidates, ainsi que pour le Comit\u00e9 international olympique<\/li>\n<\/ul>\n<h3><strong>John Kowal, PhD<\/strong><\/h3>\n<p>L'exp\u00e9rience internationale de John en psychologie et son expertise en recherche quantitative, son excellente compr\u00e9hension des motivations et des \u00e9motions des gens, ainsi que sa capacit\u00e9 \u00e0 int\u00e9grer et \u00e0 analyser de mani\u00e8re efficace et efficiente l'information provenant de diff\u00e9rentes sources vous permettent de:<\/p>\n<ul>\n<li>Des r\u00e9sultats qui <strong>interpellent vos clients<\/strong><\/li>\n<li>Des r\u00e9sultats qui <strong>connectent avec des gens \u00e9motionnellement<\/strong><\/li>\n<li>Des r\u00e9sultats qui <strong>vont droit au but<\/strong><\/li>\n<\/ul>\n<p>John est perspicace, un excellent joueur d'\u00e9quipe, avec un sens aigu de l'objectif strat\u00e9gique. Il allie comp\u00e9tences athl\u00e9tiques et exp\u00e9rience avec une expertise en gestion et en psychologie.<\/p>\n<h4>L'exp\u00e9rience de John:<\/h4>\n<ul>\n<li><strong><a href=\"https:\/\/www.hebert.ca\/DrJohnKowal_fr.html\" target=\"_blank\" rel=\"noopener noreferrer\">Psychologue depuis 2006<\/a><\/strong><\/li>\n<li><strong>PhD<\/strong> en sport et en exercice<\/li>\n<li><strong>B. Comm. en administration du sport<\/strong><\/li>\n<li>Anciennement, un\u00a0<strong>gardien de but \u00e9lite international en football \/ soccer<\/strong>, ainsi qu'athl\u00e8te provincial en athl\u00e9tisme et athl\u00e8te comp\u00e9titif en rugby, lutte et basketball<\/li>\n<li>Il est maintenant un cycliste passionn\u00e9<\/li>\n<li>Exp\u00e9rience en <strong>gestion des \u00e9v\u00e9nements sportifs<\/strong> (ex. Stampede de Calgary et athl\u00e9tisme universitaire)<\/li>\n<\/ul>\n<p>Vous pouvez utiliser les ant\u00e9c\u00e9dents \u00e9prouv\u00e9s de l'\u00e9quipe SportCopywriters pour vous aider dans vos <a href=\"https:\/\/sportcopywriters.com\/fr\/copywriting-services\/\" target=\"_blank\" rel=\"noopener noreferrer\">besoins en copie sportive<\/a>\u00a0ou pour fournir <a href=\"https:\/\/sportcopywriters.com\/fr\/research-consulting-services\/\" target=\"_blank\" rel=\"noopener noreferrer\">des services de recherche ou consultation<\/a>.<\/p>\n<p>Pour voir comment vous pouvez exploiter les connaissances, l'exp\u00e9rience et l'expertise internationales de SportCopywriters, envoyez-nous un courriel \u00e0 <a href=\"mailto:info@sportcopywriters.com\" target=\"_blank\" rel=\"noopener noreferrer\">info@sportcopywriters.com<\/a>, appelez-nous +1 (613) 791-1247 ou contactez-nous <a href=\"https:\/\/sportcopywriters.com\/fr\/contact-us\/\" target=\"_blank\" rel=\"noopener noreferrer\">en utilisant ce formulaire<\/a>.<\/p>","protected":false},"excerpt":{"rendered":"<p>The Power of International Experience and the Research Expertise to Help You Raise Your Game B2B and consulting services for sport industry companies by sport industry experts and former elite-level athletes We are former elite-level athletes in figure skating and football\/soccer. We have also participated in numerous other competitive sports, including rugby, athletics, wrestling, and &#8230; <a title=\"\u00c0 propos\" class=\"read-more\" href=\"https:\/\/sportcopywriters.com\/fr\/about\/\" aria-label=\"More on About SportCopywriters.com\">Read more<\/a><\/p>","protected":false},"author":1,"featured_media":0,"parent":0,"menu_order":2,"comment_status":"closed","ping_status":"closed","template":"","meta":{"nf_dc_page":"","_monsterinsights_skip_tracking":false,"_monsterinsights_sitenote_active":false,"_monsterinsights_sitenote_note":"","_monsterinsights_sitenote_category":0,"generate_page_header":"","jetpack_post_was_ever_published":false,"footnotes":""},"class_list":["post-18","page","type-page","status-publish"],"yoast_head":"<!-- This site is optimized with the Yoast SEO plugin v27.3 - https:\/\/yoast.com\/product\/yoast-seo-wordpress\/ -->\n<title>About SportCopywriters.com - SportCopywriters<\/title>\n<meta name=\"description\" content=\"Why choose SportCopywriters? Milena and John\u2019s collective international experience and research expertise will give you the edge over competitors\" \/>\n<meta name=\"robots\" content=\"index, follow, max-snippet:-1, max-image-preview:large, max-video-preview:-1\" \/>\n<link rel=\"canonical\" href=\"https:\/\/sportcopywriters.com\/fr\/about\/\" \/>\n<meta property=\"og:locale\" content=\"fr_CA\" \/>\n<meta property=\"og:type\" content=\"article\" \/>\n<meta property=\"og:title\" content=\"About SportCopywriters.com - SportCopywriters\" \/>\n<meta property=\"og:description\" content=\"Why choose SportCopywriters? Milena and John\u2019s collective international experience and research expertise will give you the edge over competitors\" \/>\n<meta property=\"og:url\" content=\"https:\/\/sportcopywriters.com\/fr\/about\/\" \/>\n<meta property=\"og:site_name\" content=\"SportCopywriters\" \/>\n<meta property=\"article:publisher\" content=\"https:\/\/www.facebook.com\/MilenaParent\" \/>\n<meta property=\"article:modified_time\" content=\"2020-12-22T17:38:36+00:00\" \/>\n<meta property=\"og:image\" content=\"https:\/\/sportcopywriters.com\/wp-content\/uploads\/2018\/01\/EmilieRyan-joint-picture_small-square-300x278.jpg\" \/>\n<meta name=\"twitter:card\" content=\"summary_large_image\" \/>\n<meta name=\"twitter:site\" content=\"@MilenaParent\" \/>\n<meta name=\"twitter:label1\" content=\"Estimation du temps de lecture\" \/>\n\t<meta name=\"twitter:data1\" content=\"3 minutes\" \/>\n<script type=\"application\/ld+json\" class=\"yoast-schema-graph\">{\"@context\":\"https:\\\/\\\/schema.org\",\"@graph\":[{\"@type\":\"WebPage\",\"@id\":\"https:\\\/\\\/sportcopywriters.com\\\/fr\\\/about\\\/\",\"url\":\"https:\\\/\\\/sportcopywriters.com\\\/fr\\\/about\\\/\",\"name\":\"About SportCopywriters.com - SportCopywriters\",\"isPartOf\":{\"@id\":\"https:\\\/\\\/sportcopywriters.com\\\/fr\\\/#website\"},\"primaryImageOfPage\":{\"@id\":\"https:\\\/\\\/sportcopywriters.com\\\/fr\\\/about\\\/#primaryimage\"},\"image\":{\"@id\":\"https:\\\/\\\/sportcopywriters.com\\\/fr\\\/about\\\/#primaryimage\"},\"thumbnailUrl\":\"https:\\\/\\\/sportcopywriters.com\\\/wp-content\\\/uploads\\\/2018\\\/01\\\/EmilieRyan-joint-picture_small-square-300x278.jpg\",\"datePublished\":\"2018-01-07T19:17:52+00:00\",\"dateModified\":\"2020-12-22T17:38:36+00:00\",\"description\":\"Why choose SportCopywriters? Milena and John\u2019s collective international experience and research expertise will give you the edge over competitors\",\"breadcrumb\":{\"@id\":\"https:\\\/\\\/sportcopywriters.com\\\/fr\\\/about\\\/#breadcrumb\"},\"inLanguage\":\"fr-CA\",\"potentialAction\":[{\"@type\":\"ReadAction\",\"target\":[\"https:\\\/\\\/sportcopywriters.com\\\/fr\\\/about\\\/\"]}]},{\"@type\":\"ImageObject\",\"inLanguage\":\"fr-CA\",\"@id\":\"https:\\\/\\\/sportcopywriters.com\\\/fr\\\/about\\\/#primaryimage\",\"url\":\"https:\\\/\\\/sportcopywriters.com\\\/wp-content\\\/uploads\\\/2018\\\/01\\\/EmilieRyan-joint-picture_small-square-300x278.jpg\",\"contentUrl\":\"https:\\\/\\\/sportcopywriters.com\\\/wp-content\\\/uploads\\\/2018\\\/01\\\/EmilieRyan-joint-picture_small-square-300x278.jpg\"},{\"@type\":\"BreadcrumbList\",\"@id\":\"https:\\\/\\\/sportcopywriters.com\\\/fr\\\/about\\\/#breadcrumb\",\"itemListElement\":[{\"@type\":\"ListItem\",\"position\":1,\"name\":\"Home\",\"item\":\"https:\\\/\\\/sportcopywriters.com\\\/fr\\\/\"},{\"@type\":\"ListItem\",\"position\":2,\"name\":\"About SportCopywriters.com\"}]},{\"@type\":\"WebSite\",\"@id\":\"https:\\\/\\\/sportcopywriters.com\\\/fr\\\/#website\",\"url\":\"https:\\\/\\\/sportcopywriters.com\\\/fr\\\/\",\"name\":\"SportCopywriters\",\"description\":\"Raise your game with international B2B sport copywriting &amp; research\\\/consulting experts\",\"publisher\":{\"@id\":\"https:\\\/\\\/sportcopywriters.com\\\/fr\\\/#organization\"},\"potentialAction\":[{\"@type\":\"SearchAction\",\"target\":{\"@type\":\"EntryPoint\",\"urlTemplate\":\"https:\\\/\\\/sportcopywriters.com\\\/fr\\\/?s={search_term_string}\"},\"query-input\":{\"@type\":\"PropertyValueSpecification\",\"valueRequired\":true,\"valueName\":\"search_term_string\"}}],\"inLanguage\":\"fr-CA\"},{\"@type\":\"Organization\",\"@id\":\"https:\\\/\\\/sportcopywriters.com\\\/fr\\\/#organization\",\"name\":\"SportCopywriters\",\"url\":\"https:\\\/\\\/sportcopywriters.com\\\/fr\\\/\",\"logo\":{\"@type\":\"ImageObject\",\"inLanguage\":\"fr-CA\",\"@id\":\"https:\\\/\\\/sportcopywriters.com\\\/fr\\\/#\\\/schema\\\/logo\\\/image\\\/\",\"url\":\"https:\\\/\\\/i1.wp.com\\\/sportcopywriters.com\\\/wp-content\\\/uploads\\\/2018\\\/01\\\/4.png?fit=560%2C315&ssl=1\",\"contentUrl\":\"https:\\\/\\\/i1.wp.com\\\/sportcopywriters.com\\\/wp-content\\\/uploads\\\/2018\\\/01\\\/4.png?fit=560%2C315&ssl=1\",\"width\":560,\"height\":315,\"caption\":\"SportCopywriters\"},\"image\":{\"@id\":\"https:\\\/\\\/sportcopywriters.com\\\/fr\\\/#\\\/schema\\\/logo\\\/image\\\/\"},\"sameAs\":[\"https:\\\/\\\/www.facebook.com\\\/MilenaParent\",\"https:\\\/\\\/x.com\\\/MilenaParent\",\"https:\\\/\\\/www.instagram.com\\\/milenaparent\\\/\",\"https:\\\/\\\/www.linkedin.com\\\/in\\\/milena-parent-a1842a2\\\/\"]}]}<\/script>\n<!-- \/ Yoast SEO plugin. -->","yoast_head_json":{"title":"About SportCopywriters.com - SportCopywriters","description":"Why choose SportCopywriters? Milena and John\u2019s collective international experience and research expertise will give you the edge over competitors","robots":{"index":"index","follow":"follow","max-snippet":"max-snippet:-1","max-image-preview":"max-image-preview:large","max-video-preview":"max-video-preview:-1"},"canonical":"https:\/\/sportcopywriters.com\/fr\/about\/","og_locale":"fr_CA","og_type":"article","og_title":"About SportCopywriters.com - SportCopywriters","og_description":"Why choose SportCopywriters? Milena and John\u2019s collective international experience and research expertise will give you the edge over competitors","og_url":"https:\/\/sportcopywriters.com\/fr\/about\/","og_site_name":"SportCopywriters","article_publisher":"https:\/\/www.facebook.com\/MilenaParent","article_modified_time":"2020-12-22T17:38:36+00:00","og_image":[{"url":"https:\/\/sportcopywriters.com\/wp-content\/uploads\/2018\/01\/EmilieRyan-joint-picture_small-square-300x278.jpg","type":"","width":"","height":""}],"twitter_card":"summary_large_image","twitter_site":"@MilenaParent","twitter_misc":{"Estimation du temps de lecture":"3 minutes"},"schema":{"@context":"https:\/\/schema.org","@graph":[{"@type":"WebPage","@id":"https:\/\/sportcopywriters.com\/fr\/about\/","url":"https:\/\/sportcopywriters.com\/fr\/about\/","name":"About SportCopywriters.com - SportCopywriters","isPartOf":{"@id":"https:\/\/sportcopywriters.com\/fr\/#website"},"primaryImageOfPage":{"@id":"https:\/\/sportcopywriters.com\/fr\/about\/#primaryimage"},"image":{"@id":"https:\/\/sportcopywriters.com\/fr\/about\/#primaryimage"},"thumbnailUrl":"https:\/\/sportcopywriters.com\/wp-content\/uploads\/2018\/01\/EmilieRyan-joint-picture_small-square-300x278.jpg","datePublished":"2018-01-07T19:17:52+00:00","dateModified":"2020-12-22T17:38:36+00:00","description":"Why choose SportCopywriters? Milena and John\u2019s collective international experience and research expertise will give you the edge over competitors","breadcrumb":{"@id":"https:\/\/sportcopywriters.com\/fr\/about\/#breadcrumb"},"inLanguage":"fr-CA","potentialAction":[{"@type":"ReadAction","target":["https:\/\/sportcopywriters.com\/fr\/about\/"]}]},{"@type":"ImageObject","inLanguage":"fr-CA","@id":"https:\/\/sportcopywriters.com\/fr\/about\/#primaryimage","url":"https:\/\/sportcopywriters.com\/wp-content\/uploads\/2018\/01\/EmilieRyan-joint-picture_small-square-300x278.jpg","contentUrl":"https:\/\/sportcopywriters.com\/wp-content\/uploads\/2018\/01\/EmilieRyan-joint-picture_small-square-300x278.jpg"},{"@type":"BreadcrumbList","@id":"https:\/\/sportcopywriters.com\/fr\/about\/#breadcrumb","itemListElement":[{"@type":"ListItem","position":1,"name":"Home","item":"https:\/\/sportcopywriters.com\/fr\/"},{"@type":"ListItem","position":2,"name":"About SportCopywriters.com"}]},{"@type":"WebSite","@id":"https:\/\/sportcopywriters.com\/fr\/#website","url":"https:\/\/sportcopywriters.com\/fr\/","name":"SportCopywriters","description":"Raise your game with international B2B sport copywriting &amp; research\/consulting experts","publisher":{"@id":"https:\/\/sportcopywriters.com\/fr\/#organization"},"potentialAction":[{"@type":"SearchAction","target":{"@type":"EntryPoint","urlTemplate":"https:\/\/sportcopywriters.com\/fr\/?s={search_term_string}"},"query-input":{"@type":"PropertyValueSpecification","valueRequired":true,"valueName":"search_term_string"}}],"inLanguage":"fr-CA"},{"@type":"Organization","@id":"https:\/\/sportcopywriters.com\/fr\/#organization","name":"SportCopywriters","url":"https:\/\/sportcopywriters.com\/fr\/","logo":{"@type":"ImageObject","inLanguage":"fr-CA","@id":"https:\/\/sportcopywriters.com\/fr\/#\/schema\/logo\/image\/","url":"https:\/\/i1.wp.com\/sportcopywriters.com\/wp-content\/uploads\/2018\/01\/4.png?fit=560%2C315&ssl=1","contentUrl":"https:\/\/i1.wp.com\/sportcopywriters.com\/wp-content\/uploads\/2018\/01\/4.png?fit=560%2C315&ssl=1","width":560,"height":315,"caption":"SportCopywriters"},"image":{"@id":"https:\/\/sportcopywriters.com\/fr\/#\/schema\/logo\/image\/"},"sameAs":["https:\/\/www.facebook.com\/MilenaParent","https:\/\/x.com\/MilenaParent","https:\/\/www.instagram.com\/milenaparent\/","https:\/\/www.linkedin.com\/in\/milena-parent-a1842a2\/"]}]}},"jetpack_sharing_enabled":true,"jetpack_shortlink":"https:\/\/wp.me\/P9wVma-i","jetpack_likes_enabled":true,"_links":{"self":[{"href":"https:\/\/sportcopywriters.com\/fr\/wp-json\/wp\/v2\/pages\/18","targetHints":{"allow":["GET"]}}],"collection":[{"href":"https:\/\/sportcopywriters.com\/fr\/wp-json\/wp\/v2\/pages"}],"about":[{"href":"https:\/\/sportcopywriters.com\/fr\/wp-json\/wp\/v2\/types\/page"}],"author":[{"embeddable":true,"href":"https:\/\/sportcopywriters.com\/fr\/wp-json\/wp\/v2\/users\/1"}],"replies":[{"embeddable":true,"href":"https:\/\/sportcopywriters.com\/fr\/wp-json\/wp\/v2\/comments?post=18"}],"version-history":[{"count":5,"href":"https:\/\/sportcopywriters.com\/fr\/wp-json\/wp\/v2\/pages\/18\/revisions"}],"predecessor-version":[{"id":388,"href":"https:\/\/sportcopywriters.com\/fr\/wp-json\/wp\/v2\/pages\/18\/revisions\/388"}],"wp:attachment":[{"href":"https:\/\/sportcopywriters.com\/fr\/wp-json\/wp\/v2\/media?parent=18"}],"curies":[{"name":"wp","href":"https:\/\/api.w.org\/{rel}","templated":true}]}}