{"id":196,"date":"2018-05-14T12:56:12","date_gmt":"2018-05-14T12:56:12","guid":{"rendered":"https:\/\/sportcopywriters.com\/?page_id=196"},"modified":"2019-05-11T21:11:32","modified_gmt":"2019-05-11T21:11:32","slug":"privacypolicy","status":"publish","type":"page","link":"https:\/\/sportcopywriters.com\/fr\/about\/privacypolicy\/","title":{"rendered":"Politique de confidentialit\u00e9"},"content":{"rendered":"<h1><strong>Politique de confidentialit\u00e9 de SportCopywriters<\/strong><\/h1>\n<p>SportCopywriters s'engage \u00e0 prot\u00e9ger votre vie priv\u00e9e. Si vous avez des questions concernant l\u2019utilisation de vos donn\u00e9es personnelles, contactez-nous et nous nous ferons un plaisir de vous aider.<\/p>\n<p>En utilisant ce site et \/ ou nos services, vous acceptez le traitement de vos donn\u00e9es personnelles tel que d\u00e9crit dans cette politique de confidentialit\u00e9.<\/p>\n<h2>Table des mati\u00e8res<\/h2>\n<ol>\n<li><a href=\"#gdpr-definitions\">D\u00e9finitions utilis\u00e9es dans cette politique<\/a><\/li>\n<li><a href=\"#gdpr-principles\">Principes de protection des donn\u00e9es que nous suivons<\/a><\/li>\n<li><a href=\"#gdpr-rights\">Quels droits avez-vous sur vos donn\u00e9es personnelles?<\/a><\/li>\n<li><a href=\"#gdpr-information\">Quelles donn\u00e9es personnelles nous recueillons \u00e0 votre sujet<\/a><\/li>\n<li><a href=\"#gdpr-processing\">Comment utilisons-nous vos donn\u00e9es personnelles<\/a><\/li>\n<li><a href=\"#gdpr-sharing\">Qui d'autre a acc\u00e8s \u00e0 vos donn\u00e9es personnelles<\/a><\/li>\n<li><a href=\"#gdpr-security\">Comment nous s\u00e9curisons vos donn\u00e9es<\/a><\/li>\n<li><a href=\"#gdpr-cookies\">Informations sur les cookies<\/a><\/li>\n<li><a href=\"#gdpr-contact\">Informations pour communiquer avec nous<\/a><\/li>\n<\/ol>\n<h2 id=\"gdpr-definitions\">D\u00e9finitions<\/h2>\n<p><strong>Donn\u00e9es personnelles<\/strong>\u00a0- toute information relative \u00e0 une personne physique identifi\u00e9e ou identifiable.<br \/>\n<strong>En traitement<\/strong>\u00a0- toute op\u00e9ration ou ensemble d'op\u00e9rations effectu\u00e9es sur des donn\u00e9es personnelles ou sur des ensembles de donn\u00e9es personnelles.<br \/>\n<strong>Sujet de donn\u00e9es<\/strong>\u00a0- une personne physique dont les donn\u00e9es personnelles sont trait\u00e9es.<br \/>\n<strong>Enfant<\/strong> - une personne physique de moins de 16 ans.<br \/>\n<strong>Nous<\/strong> (capitalis\u00e9 ou non) - SportCopywriters<\/p>\n<h2 id=\"gdpr-principles\">Principes de protection des donn\u00e9es<\/h2>\n<p>Nous nous engageons \u00e0 respecter les principes de protection des donn\u00e9es suivants:<\/p>\n<ul>\n<li>Le traitement des donn\u00e9es est l\u00e9gal, juste, transparent. Nos activit\u00e9s de traitement des donn\u00e9es ont des motifs l\u00e9gitimes. Nous consid\u00e9rons toujours vos droits avant de traiter les donn\u00e9es personnelles. Nous vous fournirons des informations concernant le traitement des donn\u00e9es sur demande.<\/li>\n<li>Le traitement des donn\u00e9es est limit\u00e9 \u00e0 l'objectif. Nos activit\u00e9s de traitement des donn\u00e9es correspondent \u00e0 l'objectif pour lequel les donn\u00e9es personnelles ont \u00e9t\u00e9 collect\u00e9es.<\/li>\n<li>Le traitement des donn\u00e9es est effectu\u00e9 avec un minimum de donn\u00e9es. Nous collectons et traitons uniquement la quantit\u00e9 minimale de donn\u00e9es personnelles requises \u00e0 toutes fins.<\/li>\n<li>Le traitement est limit\u00e9 \u00e0 une p\u00e9riode de temps. Nous ne conserverons pas vos donn\u00e9es personnelles plus longtemps que n\u00e9cessaire.<\/li>\n<li>Nous ferons de notre mieux pour assurer l'exactitude des donn\u00e9es.<\/li>\n<li>Nous ferons de notre mieux pour assurer l'int\u00e9grit\u00e9 et la confidentialit\u00e9 des donn\u00e9es.<\/li>\n<\/ul>\n<h2 id=\"gdpr-rights\">Droits du sujet de donn\u00e9es<\/h2>\n<p>Le sujet de donn\u00e9es a les droits suivants:<\/p>\n<ol>\n<li>Droit \u00e0 l'information - ce qui signifie que vous devez savoir si vos donn\u00e9es personnelles sont en cours de traitement; quelles sont les donn\u00e9es collect\u00e9es, d'o\u00f9 elles proviennent et pourquoi et par qui elles sont trait\u00e9es.<\/li>\n<li>Droit d'acc\u00e8s - ce qui signifie que vous avez le droit d'acc\u00e9der aux donn\u00e9es collect\u00e9es de \/ \u00e0 votre sujet. Cela inclut votre droit de demander et d'obtenir une copie de vos donn\u00e9es personnelles recueillies.<\/li>\n<li>Droit de rectification - ce qui signifie que vous avez le droit de demander la rectification ou l'effacement de vos donn\u00e9es personnelles qui sont inexactes ou incompl\u00e8tes.<\/li>\n<li>Droit d'effacement - ce qui signifie que dans certaines circonstances, vous pouvez demander que vos donn\u00e9es personnelles soient effac\u00e9es de nos archives.<\/li>\n<li>Droit de restreindre le traitement - c'est-\u00e0-dire lorsque certaines conditions s'appliquent, vous avez le droit de restreindre le traitement de vos donn\u00e9es personnelles.<\/li>\n<li>Droit d'opposition au traitement - ce qui signifie dans certains cas que vous avez le droit de vous opposer au traitement de vos donn\u00e9es personnelles, par exemple dans le cas du marketing direct.<\/li>\n<li>Droit de s'opposer au traitement automatis\u00e9 - ce qui signifie que vous avez le droit de vous opposer au traitement automatis\u00e9, y compris le profilage; et ne pas \u00eatre soumis \u00e0 une d\u00e9cision bas\u00e9e uniquement sur un traitement automatis\u00e9. Ce droit, vous pouvez exercer chaque fois qu'il y a un r\u00e9sultat du profilage qui produit des effets juridiques concernant ou vous affectant de mani\u00e8re significative.<\/li>\n<li>Droit \u00e0 la portabilit\u00e9 des donn\u00e9es - vous avez le droit d'obtenir vos donn\u00e9es personnelles dans un format lisible par machine ou, si cela est faisable, comme un transfert direct d'un processeur \u00e0 un autre.<\/li>\n<li>Droit de d\u00e9poser une plainte - dans le cas o\u00f9 nous refusons votre demande en vertu des droits d'acc\u00e8s, nous vous fournirons une raison pour laquelle. Si vous n'\u00eates pas satisfait de la mani\u00e8re dont votre demande a \u00e9t\u00e9 trait\u00e9e, veuillez nous contacter.<\/li>\n<li>Droit pour l'aide de\u00a0<a href=\"#gdpr-contact\">autorit\u00e9 de surveillance<\/a>\u00a0- ce qui signifie que vous avez le droit \u00e0 l'aide d'une autorit\u00e9 de surveillance et le droit \u00e0 d'autres recours juridiques tels que la demande de dommages-int\u00e9r\u00eats.<\/li>\n<li>Droit de retirer votre consentement - vous avez le droit de retirer tout consentement donn\u00e9 pour le traitement de vos donn\u00e9es personnelles.<\/li>\n<\/ol>\n<h2 id=\"gdpr-information\">Donn\u00e9es que nous recueillons<\/h2>\n<p><strong>Informations que vous nous avez fournies<\/strong><br \/>\nCela inclut votre adresse e-mail, votre nom, etc. - principalement les informations n\u00e9cessaires pour vous livrer un produit \/ service ou pour am\u00e9liorer votre exp\u00e9rience client avec nous. Nous enregistrons les informations que vous nous fournissez afin que vous puissiez commenter ou effectuer d'autres activit\u00e9s sur le site Web.<\/p>\n<p><strong>Informations recueillies automatiquement \u00e0 votre sujet<\/strong><br \/>\nCela inclut les informations stock\u00e9es automatiquement par les cookies et autres outils de session. Par exemple, votre adresse IP. Cette information est utilis\u00e9e pour am\u00e9liorer votre exp\u00e9rience client. Lorsque vous utilisez nos services ou que vous consultez le contenu de notre site Web, vos activit\u00e9s peuvent \u00eatre consign\u00e9es.<\/p>\n<p><strong>Information publique<\/strong><br \/>\nNous pourrions recueillir des informations \u00e0 votre sujet qui sont publiquement disponibles.<\/p>\n<h2 id=\"gdpr-processing\">Comment nous utilisons vos donn\u00e9es personnelles<\/h2>\n<p>Nous utilisons vos donn\u00e9es personnelles pour:<\/p>\n<ul>\n<li>Fournir notre service \u00e0 vous. Cela inclut, par exemple, l'enregistrement de votre compte; vous fournir d'autres produits et services que vous avez demand\u00e9s; vous fournir des articles promotionnels \u00e0 votre demande et communiquer avec vous relativement \u00e0 ces produits et services; communiquer et interagir avec vous; et vous informer des changements apport\u00e9s aux services.<\/li>\n<li>Am\u00e9liorer votre exp\u00e9rience client et \/ ou<\/li>\n<li>Remplir une obligation l\u00e9gale ou contractuelle.<\/li>\n<\/ul>\n<p>Nous utilisons vos donn\u00e9es personnelles pour des motifs l\u00e9gitimes et \/ ou avec votre consentement.<\/p>\n<p>En raison de la conclusion d'un contrat ou de l'ex\u00e9cution d'obligations contractuelles, nous traitons vos donn\u00e9es personnelles aux fins suivantes:<\/p>\n<ul>\n<li>Pour vous identifier ;<\/li>\n<li>Pour vous fournir un service ou pour vous envoyer \/ offrir un produit et \/ ou<\/li>\n<li>Pour communiquer soit pour la vente ou la facturation.<\/li>\n<\/ul>\n<p>Sur la base d'un int\u00e9r\u00eat l\u00e9gitime, nous traitons vos donn\u00e9es personnelles aux fins suivantes:<\/p>\n<ul>\n<li>Pour vous envoyer des offres personnalis\u00e9es ;<\/li>\n<li>Administrer et analyser notre client\u00e8le afin d'am\u00e9liorer la qualit\u00e9, la vari\u00e9t\u00e9 et la disponibilit\u00e9 des produits \/ services offerts \/ fournis et \/ ou<\/li>\n<li>Mener des sondages sur la satisfaction des clients.<\/li>\n<\/ul>\n<p>Tant que vous ne nous avez pas inform\u00e9s autrement, nous envisageons de vous proposer des produits \/ services similaires ou identiques \u00e0 votre historique d'achat \/ comportement de navigation pour \u00eatre notre int\u00e9r\u00eat l\u00e9gitime.<\/p>\n<p>Avec votre consentement, nous traitons vos donn\u00e9es personnelles aux fins suivantes:<\/p>\n<ul>\n<li>Pour vous envoyer des bulletins et des offres et \/ ou<\/li>\n<li>\u00c0 d'autres fins, nous avons demand\u00e9 votre consentement pour.<\/li>\n<\/ul>\n<p>Nous traitons vos donn\u00e9es personnelles afin de remplir les obligations d\u00e9coulant de la loi et \/ ou utiliser vos donn\u00e9es personnelles pour les options pr\u00e9vues par la loi. Nous nous r\u00e9servons le droit d'anonymiser les donn\u00e9es personnelles recueillies et d'utiliser ces donn\u00e9es. Nous n'utiliserons les donn\u00e9es en dehors du champ d'application de cette politique que si elles sont anonymis\u00e9es. Nous conservons vos informations de facturation et autres informations recueillies \u00e0 votre sujet aussi longtemps que n\u00e9cessaire pour des raisons comptables ou d'autres obligations d\u00e9coulant de la loi, mais pas plus de 38 mois.<\/p>\n<p>Nous pourrions traiter vos donn\u00e9es personnelles \u00e0 d'autres fins qui ne sont pas mentionn\u00e9es ici mais qui sont compatibles avec l'objectif initial pour lequel les donn\u00e9es ont \u00e9t\u00e9 collect\u00e9es. Pour ce faire, nous veillerons \u00e0 ce que:<\/p>\n<ul>\n<li>Le lien entre les finalit\u00e9s, le contexte et la nature des donn\u00e9es \u00e0 caract\u00e8re personnel convient \u00e0 un traitement ult\u00e9rieur ;<\/li>\n<li>Le traitement ult\u00e9rieur ne nuira pas \u00e0 vos int\u00e9r\u00eats et<\/li>\n<li>Il y aurait une sauvegarde appropri\u00e9e pour le traitement.<\/li>\n<\/ul>\n<p>Nous vous informerons de tout traitement ult\u00e9rieur et des fins.<\/p>\n<h2 id=\"gdpr-sharing\">Qui d'autre peut acc\u00e9der \u00e0 vos donn\u00e9es personnelles<\/h2>\n<p>Nous ne partageons pas vos donn\u00e9es personnelles avec des \u00e9trangers. Nous divulguons vos donn\u00e9es personnelles \u00e0 des tiers ou \u00e0 des fonctionnaires lorsque nous sommes l\u00e9galement tenus de le faire. Nous pourrions divulguer vos donn\u00e9es personnelles \u00e0 des tiers si vous y avez consenti ou s'il existe d'autres motifs l\u00e9gaux.<\/p>\n<h2 id=\"gdpr-security\">Comment nous s\u00e9curisons vos donn\u00e9es<\/h2>\n<p>Nous faisons de notre mieux pour prot\u00e9ger vos donn\u00e9es personnelles. Nous utilisons des protocoles s\u00e9curis\u00e9s pour la communication et le transfert de donn\u00e9es (tel que HTTPS). Nous utilisons l'anonymisation et la pseudonymisation lorsque cela est appropri\u00e9. Nous surveillons nos syst\u00e8mes pour d\u00e9tecter d'\u00e9ventuelles vuln\u00e9rabilit\u00e9s et attaques.<\/p>\n<p>Even though we try our best we cannot guarantee the security of information. However, we promise to notify suitable authorities of data breaches. We will also notify you if there is a threat to your rights or interests. We will do everything we reasonably can to prevent security breaches and to assist authorities should any breaches occur.<\/p>\n<p>Si vous avez un compte chez nous, sachez que vous devez garder votre nom d'utilisateur et votre mot de passe secrets.<\/p>\n<h2>Enfants<\/h2>\n<p>Nous n'avons pas l'intention de recueillir ou sciemment recueillir des informations aupr\u00e8s des enfants. Nous ne ciblons pas les enfants avec nos services.<\/p>\n<h2 id=\"gdpr-cookies\">Cookies et autres technologies que nous utilisons<\/h2>\n<p>Nous utilisons des cookies et \/ ou des technologies similaires pour analyser le comportement des clients, administrer le site Web, suivre les mouvements des utilisateurs et collecter des informations sur les utilisateurs. Ceci est fait afin de personnaliser et d'am\u00e9liorer votre exp\u00e9rience avec nous.<\/p>\n<p>Un cookie est un petit fichier texte stock\u00e9 sur votre ordinateur. Les cookies stockent les informations utilis\u00e9es pour aider \u00e0 faire fonctionner les sites. Seulement nous pouvons acc\u00e9der aux cookies cr\u00e9\u00e9s par notre site Web. Vous pouvez contr\u00f4ler vos cookies au niveau du navigateur. Choisir de d\u00e9sactiver les cookies peut vous emp\u00eacher d'utiliser certaines fonctions.<\/p>\n<p><strong>Nous utilisons des cookies aux fins suivantes:<\/strong><\/p>\n<ul>\n<li>Cookies n\u00e9cessaires: ces cookies sont n\u00e9cessaires pour que vous puissiez utiliser certaines fonctionnalit\u00e9s importantes sur notre site Web, telles que la connexion. Ces cookies ne collectent aucune information personnelle.<\/li>\n<li>Cookies de fonctionnalit\u00e9 - ces cookies fournissent des fonctionnalit\u00e9s qui rendent l'utilisation de notre service plus pratique et permettent d'offrir des fonctionnalit\u00e9s plus personnalis\u00e9es. Par exemple, ils peuvent se souvenir de votre nom et de votre adresse e-mail dans des formulaires de commentaire. Vous n'avez donc pas besoin de ressaisir cette information la prochaine fois que vous commentez.<\/li>\n<li>Cookies analytiques: ces cookies sont utilis\u00e9s pour suivre l'utilisation et les performances de notre site Web et de nos services<\/li>\n<li>Cookies publicitaires: ces cookies sont utilis\u00e9s pour diffuser des publicit\u00e9s pertinentes pour vous et vos int\u00e9r\u00eats. En outre, ils sont utilis\u00e9s pour limiter le nombre de fois que vous voyez une publicit\u00e9. Ils sont g\u00e9n\u00e9ralement plac\u00e9s sur le site Web par des r\u00e9seaux publicitaires avec l'autorisation de l'op\u00e9rateur du site. Ces cookies se souviennent que vous avez visit\u00e9 un site Web et que ces informations sont partag\u00e9es avec d'autres organisations telles que les annonceurs. Souvent, les cookies de ciblage ou de publicit\u00e9 seront li\u00e9s aux fonctionnalit\u00e9s du site fournies par l'autre organisation.<\/li>\n<\/ul>\n<p>Vous pouvez supprimer les cookies stock\u00e9s sur votre ordinateur via les param\u00e8tres de votre navigateur. Vous pouvez \u00e9galement contr\u00f4ler certains cookies tiers en utilisant une plate-forme d'am\u00e9lioration de la confidentialit\u00e9, telle que <a href=\"http:\/\/optout.aboutads.info\/#!\/\" target=\"_blank\" rel=\"noopener noreferrer\">optout.aboutads.info<\/a> ou <a href=\"http:\/\/www.youronlinechoices.com\/\" target=\"_blank\" rel=\"noopener noreferrer\">youronlinechoices.com<\/a>. Pour plus d'informations sur les cookies, visitez <a href=\"http:\/\/www.allaboutcookies.org\" target=\"_blank\" rel=\"noopener noreferrer\">allaboutcookies.org<\/a>.<\/p>\n<p>Nous utilisons Google Analytics pour mesurer le trafic sur notre site Web. Google a sa propre politique de confidentialit\u00e9 que vous pouvez consulter <a href=\"https:\/\/support.google.com\/analytics\/answer\/6004245\" target=\"_blank\" rel=\"noopener noreferrer\">ici<\/a>. Si vous souhaitez d\u00e9sactiver le suivi par Google Analytics, consultez la page <a href=\"https:\/\/tools.google.com\/dlpage\/gaoptout\" target=\"_blank\" rel=\"noopener noreferrer\">Page de d\u00e9sactivation de Google Analytics<\/a>.<\/p>\n<h3 id=\"gdpr-contact\">Informations pour communiquer avec nous<\/h3>\n<p>Si vous avez des questions, n'h\u00e9sitez pas \u00e0 <a href=\"https:\/\/sportcopywriters.com\/fr\/contact-us\/\" target=\"_blank\" rel=\"noopener noreferrer\">communiquer avec nous<\/a> par courriel (info@sportcopywriters.com) ou par t\u00e9l\u00e9phone +1 (613) 791-1247.<\/p>\n<h3 id=\"gdpr-changes\">Changements \u00e0 cette politique de confidentialit\u00e9<\/h3>\n<p>Nous nous r\u00e9servons le droit d'apporter des modifications \u00e0 cette politique de confidentialit\u00e9.<br \/>\nDerni\u00e8res modifications effectu\u00e9es le 2019-05-11.<\/p>","protected":false},"excerpt":{"rendered":"<p>SportCopywriters&#8217; Privacy Policy SportCopywriters is committed to safeguarding your privacy. Contact us at if you have any questions regarding the use of your personal data and we will gladly assist you. By using this site and\/or our services, you consent to the processing of your personal data as described in this Privacy Policy. Table of &#8230; <a title=\"Politique de confidentialit\u00e9\" class=\"read-more\" href=\"https:\/\/sportcopywriters.com\/fr\/about\/privacypolicy\/\" aria-label=\"More on Privacy Policy\">Read more<\/a><\/p>","protected":false},"author":1,"featured_media":0,"parent":18,"menu_order":0,"comment_status":"closed","ping_status":"closed","template":"","meta":{"nf_dc_page":"","_monsterinsights_skip_tracking":false,"_monsterinsights_sitenote_active":false,"_monsterinsights_sitenote_note":"","_monsterinsights_sitenote_category":0,"generate_page_header":"","jetpack_post_was_ever_published":false,"footnotes":""},"class_list":["post-196","page","type-page","status-publish"],"yoast_head":"<!-- This site is optimized with the Yoast SEO plugin v27.3 - https:\/\/yoast.com\/product\/yoast-seo-wordpress\/ -->\n<title>Privacy Policy - SportCopywriters<\/title>\n<meta name=\"description\" content=\"SportCopywriters&#039; privacy policy.\" \/>\n<meta name=\"robots\" content=\"index, follow, max-snippet:-1, max-image-preview:large, max-video-preview:-1\" \/>\n<link rel=\"canonical\" href=\"https:\/\/sportcopywriters.com\/fr\/about\/privacypolicy\/\" \/>\n<meta property=\"og:locale\" content=\"fr_CA\" \/>\n<meta property=\"og:type\" content=\"article\" \/>\n<meta property=\"og:title\" content=\"Privacy Policy - SportCopywriters\" \/>\n<meta property=\"og:description\" content=\"SportCopywriters&#039; privacy policy.\" \/>\n<meta property=\"og:url\" content=\"https:\/\/sportcopywriters.com\/fr\/about\/privacypolicy\/\" \/>\n<meta property=\"og:site_name\" content=\"SportCopywriters\" \/>\n<meta property=\"article:publisher\" content=\"https:\/\/www.facebook.com\/MilenaParent\" \/>\n<meta property=\"article:modified_time\" content=\"2019-05-11T21:11:32+00:00\" \/>\n<meta name=\"twitter:card\" content=\"summary_large_image\" \/>\n<meta name=\"twitter:site\" content=\"@MilenaParent\" \/>\n<meta name=\"twitter:label1\" content=\"Estimation du temps de lecture\" \/>\n\t<meta name=\"twitter:data1\" content=\"9 minutes\" \/>\n<script type=\"application\/ld+json\" class=\"yoast-schema-graph\">{\"@context\":\"https:\\\/\\\/schema.org\",\"@graph\":[{\"@type\":\"WebPage\",\"@id\":\"https:\\\/\\\/sportcopywriters.com\\\/fr\\\/about\\\/privacypolicy\\\/\",\"url\":\"https:\\\/\\\/sportcopywriters.com\\\/fr\\\/about\\\/privacypolicy\\\/\",\"name\":\"Privacy Policy - SportCopywriters\",\"isPartOf\":{\"@id\":\"https:\\\/\\\/sportcopywriters.com\\\/fr\\\/#website\"},\"datePublished\":\"2018-05-14T12:56:12+00:00\",\"dateModified\":\"2019-05-11T21:11:32+00:00\",\"description\":\"SportCopywriters' privacy policy.\",\"breadcrumb\":{\"@id\":\"https:\\\/\\\/sportcopywriters.com\\\/fr\\\/about\\\/privacypolicy\\\/#breadcrumb\"},\"inLanguage\":\"fr-CA\",\"potentialAction\":[{\"@type\":\"ReadAction\",\"target\":[\"https:\\\/\\\/sportcopywriters.com\\\/fr\\\/about\\\/privacypolicy\\\/\"]}]},{\"@type\":\"BreadcrumbList\",\"@id\":\"https:\\\/\\\/sportcopywriters.com\\\/fr\\\/about\\\/privacypolicy\\\/#breadcrumb\",\"itemListElement\":[{\"@type\":\"ListItem\",\"position\":1,\"name\":\"Home\",\"item\":\"https:\\\/\\\/sportcopywriters.com\\\/fr\\\/\"},{\"@type\":\"ListItem\",\"position\":2,\"name\":\"About SportCopywriters.com\",\"item\":\"https:\\\/\\\/sportcopywriters.com\\\/fr\\\/about\\\/\"},{\"@type\":\"ListItem\",\"position\":3,\"name\":\"Privacy Policy\"}]},{\"@type\":\"WebSite\",\"@id\":\"https:\\\/\\\/sportcopywriters.com\\\/fr\\\/#website\",\"url\":\"https:\\\/\\\/sportcopywriters.com\\\/fr\\\/\",\"name\":\"SportCopywriters\",\"description\":\"Raise your game with international B2B sport copywriting &amp; research\\\/consulting experts\",\"publisher\":{\"@id\":\"https:\\\/\\\/sportcopywriters.com\\\/fr\\\/#organization\"},\"potentialAction\":[{\"@type\":\"SearchAction\",\"target\":{\"@type\":\"EntryPoint\",\"urlTemplate\":\"https:\\\/\\\/sportcopywriters.com\\\/fr\\\/?s={search_term_string}\"},\"query-input\":{\"@type\":\"PropertyValueSpecification\",\"valueRequired\":true,\"valueName\":\"search_term_string\"}}],\"inLanguage\":\"fr-CA\"},{\"@type\":\"Organization\",\"@id\":\"https:\\\/\\\/sportcopywriters.com\\\/fr\\\/#organization\",\"name\":\"SportCopywriters\",\"url\":\"https:\\\/\\\/sportcopywriters.com\\\/fr\\\/\",\"logo\":{\"@type\":\"ImageObject\",\"inLanguage\":\"fr-CA\",\"@id\":\"https:\\\/\\\/sportcopywriters.com\\\/fr\\\/#\\\/schema\\\/logo\\\/image\\\/\",\"url\":\"https:\\\/\\\/i1.wp.com\\\/sportcopywriters.com\\\/wp-content\\\/uploads\\\/2018\\\/01\\\/4.png?fit=560%2C315&ssl=1\",\"contentUrl\":\"https:\\\/\\\/i1.wp.com\\\/sportcopywriters.com\\\/wp-content\\\/uploads\\\/2018\\\/01\\\/4.png?fit=560%2C315&ssl=1\",\"width\":560,\"height\":315,\"caption\":\"SportCopywriters\"},\"image\":{\"@id\":\"https:\\\/\\\/sportcopywriters.com\\\/fr\\\/#\\\/schema\\\/logo\\\/image\\\/\"},\"sameAs\":[\"https:\\\/\\\/www.facebook.com\\\/MilenaParent\",\"https:\\\/\\\/x.com\\\/MilenaParent\",\"https:\\\/\\\/www.instagram.com\\\/milenaparent\\\/\",\"https:\\\/\\\/www.linkedin.com\\\/in\\\/milena-parent-a1842a2\\\/\"]}]}<\/script>\n<!-- \/ Yoast SEO plugin. -->","yoast_head_json":{"title":"Privacy Policy - SportCopywriters","description":"SportCopywriters' privacy policy.","robots":{"index":"index","follow":"follow","max-snippet":"max-snippet:-1","max-image-preview":"max-image-preview:large","max-video-preview":"max-video-preview:-1"},"canonical":"https:\/\/sportcopywriters.com\/fr\/about\/privacypolicy\/","og_locale":"fr_CA","og_type":"article","og_title":"Privacy Policy - SportCopywriters","og_description":"SportCopywriters' privacy policy.","og_url":"https:\/\/sportcopywriters.com\/fr\/about\/privacypolicy\/","og_site_name":"SportCopywriters","article_publisher":"https:\/\/www.facebook.com\/MilenaParent","article_modified_time":"2019-05-11T21:11:32+00:00","twitter_card":"summary_large_image","twitter_site":"@MilenaParent","twitter_misc":{"Estimation du temps de lecture":"9 minutes"},"schema":{"@context":"https:\/\/schema.org","@graph":[{"@type":"WebPage","@id":"https:\/\/sportcopywriters.com\/fr\/about\/privacypolicy\/","url":"https:\/\/sportcopywriters.com\/fr\/about\/privacypolicy\/","name":"Privacy Policy - SportCopywriters","isPartOf":{"@id":"https:\/\/sportcopywriters.com\/fr\/#website"},"datePublished":"2018-05-14T12:56:12+00:00","dateModified":"2019-05-11T21:11:32+00:00","description":"SportCopywriters' privacy policy.","breadcrumb":{"@id":"https:\/\/sportcopywriters.com\/fr\/about\/privacypolicy\/#breadcrumb"},"inLanguage":"fr-CA","potentialAction":[{"@type":"ReadAction","target":["https:\/\/sportcopywriters.com\/fr\/about\/privacypolicy\/"]}]},{"@type":"BreadcrumbList","@id":"https:\/\/sportcopywriters.com\/fr\/about\/privacypolicy\/#breadcrumb","itemListElement":[{"@type":"ListItem","position":1,"name":"Home","item":"https:\/\/sportcopywriters.com\/fr\/"},{"@type":"ListItem","position":2,"name":"About SportCopywriters.com","item":"https:\/\/sportcopywriters.com\/fr\/about\/"},{"@type":"ListItem","position":3,"name":"Privacy Policy"}]},{"@type":"WebSite","@id":"https:\/\/sportcopywriters.com\/fr\/#website","url":"https:\/\/sportcopywriters.com\/fr\/","name":"SportCopywriters","description":"Raise your game with international B2B sport copywriting &amp; research\/consulting experts","publisher":{"@id":"https:\/\/sportcopywriters.com\/fr\/#organization"},"potentialAction":[{"@type":"SearchAction","target":{"@type":"EntryPoint","urlTemplate":"https:\/\/sportcopywriters.com\/fr\/?s={search_term_string}"},"query-input":{"@type":"PropertyValueSpecification","valueRequired":true,"valueName":"search_term_string"}}],"inLanguage":"fr-CA"},{"@type":"Organization","@id":"https:\/\/sportcopywriters.com\/fr\/#organization","name":"SportCopywriters","url":"https:\/\/sportcopywriters.com\/fr\/","logo":{"@type":"ImageObject","inLanguage":"fr-CA","@id":"https:\/\/sportcopywriters.com\/fr\/#\/schema\/logo\/image\/","url":"https:\/\/i1.wp.com\/sportcopywriters.com\/wp-content\/uploads\/2018\/01\/4.png?fit=560%2C315&ssl=1","contentUrl":"https:\/\/i1.wp.com\/sportcopywriters.com\/wp-content\/uploads\/2018\/01\/4.png?fit=560%2C315&ssl=1","width":560,"height":315,"caption":"SportCopywriters"},"image":{"@id":"https:\/\/sportcopywriters.com\/fr\/#\/schema\/logo\/image\/"},"sameAs":["https:\/\/www.facebook.com\/MilenaParent","https:\/\/x.com\/MilenaParent","https:\/\/www.instagram.com\/milenaparent\/","https:\/\/www.linkedin.com\/in\/milena-parent-a1842a2\/"]}]}},"jetpack_sharing_enabled":true,"jetpack_shortlink":"https:\/\/wp.me\/P9wVma-3a","jetpack_likes_enabled":true,"_links":{"self":[{"href":"https:\/\/sportcopywriters.com\/fr\/wp-json\/wp\/v2\/pages\/196","targetHints":{"allow":["GET"]}}],"collection":[{"href":"https:\/\/sportcopywriters.com\/fr\/wp-json\/wp\/v2\/pages"}],"about":[{"href":"https:\/\/sportcopywriters.com\/fr\/wp-json\/wp\/v2\/types\/page"}],"author":[{"embeddable":true,"href":"https:\/\/sportcopywriters.com\/fr\/wp-json\/wp\/v2\/users\/1"}],"replies":[{"embeddable":true,"href":"https:\/\/sportcopywriters.com\/fr\/wp-json\/wp\/v2\/comments?post=196"}],"version-history":[{"count":5,"href":"https:\/\/sportcopywriters.com\/fr\/wp-json\/wp\/v2\/pages\/196\/revisions"}],"predecessor-version":[{"id":253,"href":"https:\/\/sportcopywriters.com\/fr\/wp-json\/wp\/v2\/pages\/196\/revisions\/253"}],"up":[{"embeddable":true,"href":"https:\/\/sportcopywriters.com\/fr\/wp-json\/wp\/v2\/pages\/18"}],"wp:attachment":[{"href":"https:\/\/sportcopywriters.com\/fr\/wp-json\/wp\/v2\/media?parent=196"}],"curies":[{"name":"wp","href":"https:\/\/api.w.org\/{rel}","templated":true}]}}