{"id":40,"date":"2018-01-07T20:35:00","date_gmt":"2018-01-07T20:35:00","guid":{"rendered":"https:\/\/sportcopywriters.com\/?page_id=40"},"modified":"2020-12-22T17:10:25","modified_gmt":"2020-12-22T17:10:25","slug":"copywritingservices","status":"publish","type":"page","link":"https:\/\/sportcopywriters.com\/fr\/copywritingservices\/","title":{"rendered":"R\u00e9daction\/copywriting"},"content":{"rendered":"<h1 style=\"text-align: center;\"><strong>Services de r\u00e9daction\/copywriting de premier rang en B2B et web pour l'industrie du sport <\/strong><\/h1>\n<h1 style=\"text-align: center;\"><img data-recalc-dims=\"1\" loading=\"lazy\" decoding=\"async\" data-attachment-id=\"117\" data-permalink=\"https:\/\/sportcopywriters.com\/fr\/copywritingservices\/copywriting-word-cloud-on-paper-with-pen\/#main\" data-orig-file=\"https:\/\/i0.wp.com\/sportcopywriters.com\/wp-content\/uploads\/2018\/01\/iStock-695110710_marekuliasz.jpg?fit=2121%2C1414&amp;ssl=1\" data-orig-size=\"2121,1414\" data-comments-opened=\"1\" data-image-meta=\"{&quot;aperture&quot;:&quot;19&quot;,&quot;credit&quot;:&quot;Getty Images\/iStockphoto&quot;,&quot;camera&quot;:&quot;Canon EOS 5D Mark III&quot;,&quot;caption&quot;:&quot;copywriting word cloud  - handwriting on a white lokta paper with a pen&quot;,&quot;created_timestamp&quot;:&quot;1474468611&quot;,&quot;copyright&quot;:&quot;This content is subject to copyright.&quot;,&quot;focal_length&quot;:&quot;100&quot;,&quot;iso&quot;:&quot;100&quot;,&quot;shutter_speed&quot;:&quot;0.008&quot;,&quot;title&quot;:&quot;copywriting word cloud on paper with pen&quot;,&quot;orientation&quot;:&quot;0&quot;}\" data-image-title=\"copywriting word cloud on paper with pen\" data-image-description=\"&lt;p&gt;Copywriting word cloud&lt;\/p&gt;\" data-image-caption=\"&lt;p&gt;copywriting word cloud  &amp;#8211; handwriting on a white lokta paper with a pen&lt;\/p&gt;\" data-large-file=\"https:\/\/i0.wp.com\/sportcopywriters.com\/wp-content\/uploads\/2018\/01\/iStock-695110710_marekuliasz.jpg?fit=1024%2C683&amp;ssl=1\" class=\"aligncenter wp-image-117 size-medium\" src=\"https:\/\/i0.wp.com\/sportcopywriters.com\/wp-content\/uploads\/2018\/01\/iStock-695110710_marekuliasz.jpg?resize=300%2C200&#038;ssl=1\" alt=\"Copywriting\" width=\"300\" height=\"200\" srcset=\"https:\/\/i0.wp.com\/sportcopywriters.com\/wp-content\/uploads\/2018\/01\/iStock-695110710_marekuliasz.jpg?resize=300%2C200&amp;ssl=1 300w, https:\/\/i0.wp.com\/sportcopywriters.com\/wp-content\/uploads\/2018\/01\/iStock-695110710_marekuliasz.jpg?resize=768%2C512&amp;ssl=1 768w, https:\/\/i0.wp.com\/sportcopywriters.com\/wp-content\/uploads\/2018\/01\/iStock-695110710_marekuliasz.jpg?resize=1024%2C683&amp;ssl=1 1024w\" sizes=\"auto, (max-width: 300px) 100vw, 300px\" \/><\/h1>\n<h2>Avez-vous besoin de services de r\u00e9daction ou copywriting persuasif ou bien de marketing de contenu par des experts de l'industrie du sport?<\/h2>\n<p><em>Nous comprenons les besoins de vos clients car nous sommes form\u00e9s en sport et travaillons avec des professionnels du sport<\/em><\/p>\n<p>Nous offrons une gamme de services de r\u00e9daction de contenu B2B et Web, mais nous sommes sp\u00e9cialis\u00e9s dans les services suivants:<\/p>\n<h3><strong>Papiers blancs<\/strong><\/h3>\n<p>Aussi connus comme des rapports sp\u00e9ciaux, <strong>les papiers blancs<\/strong> peuvent aider \u00e0 \u00e9tablir votre entreprise \/ vous-m\u00eame comme leader dans votre domaine, engager et \/ ou g\u00e9n\u00e9rer des clients potentiels. Le papier blanc peut pr\u00e9senter, expliquer et \/ ou justifier votre offre de produit ou de service.<\/p>\n<p>Il existe trois types de papiers blancs. Le bon type pour vous d\u00e9pend de l'endroit o\u00f9 vous voulez le positionner dans votre entonnoir de ventes.<\/p>\n<p>L'\u00e9chantillon ici a \u00e9t\u00e9 \u00e9crit pour convaincre un h\u00f4pital d'acheter une machine \u00e0 rayonnement \u00e0 faible dose (en anglais seulement) <a href=\"https:\/\/sportcopywriters.com\/wp-content\/uploads\/2018\/01\/EOS-system-white-paper_20160713.pdf\" target=\"_blank\" rel=\"noopener noreferrer\">Papier blanc pour le syst\u00e8me EOS<\/a><\/p>\n<h3><strong>\u00c9tudes de cas ou histoires de r\u00e9ussite<\/strong><\/h3>\n<p>Aussi connus comme des histoires de r\u00e9ussite, <strong>les \u00e9tudes de cas<\/strong> pr\u00e9sentent l'utilisation et la valeur de votre produit ou service \u00e0 vos clients. Cela sert de t\u00e9moignage puissant pour vous.<\/p>\n<p>Vous pouvez utiliser les \u00e9tudes de cas dans d'autres promotions ou copies (ex. blogs, publications sur les r\u00e9seaux sociaux et prospectus).<\/p>\n<p>L'\u00e9chantillon qui suit (en anglais seulement) est une \u00e9tude de cas r\u00e9alis\u00e9e dans le cadre de la certification AWAI en \u00e9tudes de cas: <a href=\"https:\/\/sportcopywriters.com\/wp-content\/uploads\/2020\/12\/Jim-Wright-Case-Study_Milena-Parent.pdf\" target=\"_blank\" rel=\"noopener noreferrer\">\u00c9chantillon d'une \u00e9tude de cas<\/a><\/p>\n<h3><strong>Services Web<\/strong><\/h3>\n<p><strong>Les audits ou \u00e9valuations de site Web<\/strong> vous aident \u00e0 identifier les zones probl\u00e9matiques sur votre site Web afin d'am\u00e9liorer l'exp\u00e9rience des visiteurs et la g\u00e9n\u00e9ration \/ conversion de prospects.<\/p>\n<p><strong>Le d\u00e9veloppement et l'optimisation<\/strong> du contenu de votre site Web vous aident \u00e0 adapter le contenu de votre site \u00e0 l'exp\u00e9rience client et \u00e0 la g\u00e9n\u00e9ration \/ conversion de clients potentiels. Nous examinons les titres, les sous-titres, le contenu, la mise en page et le r\u00e9f\u00e9rencement (optimisation pour les moteurs de recherche) au cours de ce processus.<\/p>\n<p>Pour un portfolio une-page d'une refonte d'un site Web, cliquez sur ce <a href=\"https:\/\/sportcopywriters.com\/wp-content\/uploads\/2020\/07\/Portfolio-one-sheet-SSS-website.pdf\" target=\"_blank\" rel=\"noopener noreferrer\">Portfolio une-page \u2013 site Web www.sharonsmithswan.com<\/a>.<\/p>\n<h3><strong>Autres services<\/strong><\/h3>\n<ul>\n<li>Plateformes de copie de messages cl\u00e9s pour aligner toutes vos strat\u00e9gies et tactiques de marketing<\/li>\n<li>Courriels et lettres pour la g\u00e9n\u00e9ration de leads<\/li>\n<li>Communiqu\u00e9s de presse<\/li>\n<li>Infographiques<\/li>\n<li>R\u00e9daction de subventions<\/li>\n<\/ul>\n<p>Pour voir comment vous pouvez exploiter les connaissances, l'exp\u00e9rience et l'expertise internationales de SportCopywriters, envoyez-nous un courriel \u00e0 <a href=\"mailto:info@sportcopywriters.com\" target=\"_blank\" rel=\"noopener noreferrer\">info@sportcopywriters.com<\/a>, appelez-nous au +1 (613) 791-1247 ou contactez-nous en utilisant <a href=\"https:\/\/sportcopywriters.com\/fr\/contact-us\/\" target=\"_blank\" rel=\"noopener noreferrer\">ce formulaire.<\/a><\/p>","protected":false},"excerpt":{"rendered":"<p>Expert B2B and Web Copywriting Services for the\u00a0Sport Industry Do you need persuasive copywriting or content marketing by sport industry experts? We understand your clients\u2019 needs because we\u2019re trained in, and work with, sport professionals We offer a range of B2B and web content marketing copywriting services, but specialize in the following services: White papers &#8230; <a title=\"R\u00e9daction\/copywriting\" class=\"read-more\" href=\"https:\/\/sportcopywriters.com\/fr\/copywritingservices\/\" aria-label=\"More on Copywriting Services\">Read more<\/a><\/p>","protected":false},"author":1,"featured_media":0,"parent":0,"menu_order":3,"comment_status":"closed","ping_status":"closed","template":"","meta":{"nf_dc_page":"","_monsterinsights_skip_tracking":false,"_monsterinsights_sitenote_active":false,"_monsterinsights_sitenote_note":"","_monsterinsights_sitenote_category":0,"generate_page_header":"","jetpack_post_was_ever_published":false,"footnotes":""},"class_list":["post-40","page","type-page","status-publish"],"yoast_head":"<!-- This site is optimized with the Yoast SEO plugin v27.3 - https:\/\/yoast.com\/product\/yoast-seo-wordpress\/ -->\n<title>Copywriting Services - SportCopywriters<\/title>\n<meta name=\"description\" content=\"SportCopywriters offers a range of B2B copywriting services (e.g., white papers, case studies, website audits) for the sport industry\" \/>\n<meta name=\"robots\" content=\"index, follow, max-snippet:-1, max-image-preview:large, max-video-preview:-1\" \/>\n<link rel=\"canonical\" href=\"https:\/\/sportcopywriters.com\/fr\/copywritingservices\/\" \/>\n<meta property=\"og:locale\" content=\"fr_CA\" \/>\n<meta property=\"og:type\" content=\"article\" \/>\n<meta property=\"og:title\" content=\"Copywriting Services - SportCopywriters\" \/>\n<meta property=\"og:description\" content=\"SportCopywriters offers a range of B2B copywriting services (e.g., white papers, case studies, website audits) for the sport industry\" \/>\n<meta property=\"og:url\" content=\"https:\/\/sportcopywriters.com\/fr\/copywritingservices\/\" \/>\n<meta property=\"og:site_name\" content=\"SportCopywriters\" \/>\n<meta property=\"article:publisher\" content=\"https:\/\/www.facebook.com\/MilenaParent\" \/>\n<meta property=\"article:modified_time\" content=\"2020-12-22T17:10:25+00:00\" \/>\n<meta property=\"og:image\" content=\"https:\/\/sportcopywriters.com\/wp-content\/uploads\/2018\/01\/iStock-695110710_marekuliasz-300x200.jpg\" \/>\n<meta name=\"twitter:card\" content=\"summary_large_image\" \/>\n<meta name=\"twitter:site\" content=\"@MilenaParent\" \/>\n<meta name=\"twitter:label1\" content=\"Estimation du temps de lecture\" \/>\n\t<meta name=\"twitter:data1\" content=\"2 minutes\" \/>\n<script type=\"application\/ld+json\" class=\"yoast-schema-graph\">{\"@context\":\"https:\\\/\\\/schema.org\",\"@graph\":[{\"@type\":\"WebPage\",\"@id\":\"https:\\\/\\\/sportcopywriters.com\\\/copywritingservices\\\/\",\"url\":\"https:\\\/\\\/sportcopywriters.com\\\/copywritingservices\\\/\",\"name\":\"Copywriting Services - SportCopywriters\",\"isPartOf\":{\"@id\":\"https:\\\/\\\/sportcopywriters.com\\\/fr\\\/#website\"},\"primaryImageOfPage\":{\"@id\":\"https:\\\/\\\/sportcopywriters.com\\\/copywritingservices\\\/#primaryimage\"},\"image\":{\"@id\":\"https:\\\/\\\/sportcopywriters.com\\\/copywritingservices\\\/#primaryimage\"},\"thumbnailUrl\":\"https:\\\/\\\/sportcopywriters.com\\\/wp-content\\\/uploads\\\/2018\\\/01\\\/iStock-695110710_marekuliasz-300x200.jpg\",\"datePublished\":\"2018-01-07T20:35:00+00:00\",\"dateModified\":\"2020-12-22T17:10:25+00:00\",\"description\":\"SportCopywriters offers a range of B2B copywriting services (e.g., white papers, case studies, website audits) for the sport industry\",\"breadcrumb\":{\"@id\":\"https:\\\/\\\/sportcopywriters.com\\\/copywritingservices\\\/#breadcrumb\"},\"inLanguage\":\"fr-CA\",\"potentialAction\":[{\"@type\":\"ReadAction\",\"target\":[\"https:\\\/\\\/sportcopywriters.com\\\/copywritingservices\\\/\"]}]},{\"@type\":\"ImageObject\",\"inLanguage\":\"fr-CA\",\"@id\":\"https:\\\/\\\/sportcopywriters.com\\\/copywritingservices\\\/#primaryimage\",\"url\":\"https:\\\/\\\/sportcopywriters.com\\\/wp-content\\\/uploads\\\/2018\\\/01\\\/iStock-695110710_marekuliasz-300x200.jpg\",\"contentUrl\":\"https:\\\/\\\/sportcopywriters.com\\\/wp-content\\\/uploads\\\/2018\\\/01\\\/iStock-695110710_marekuliasz-300x200.jpg\"},{\"@type\":\"BreadcrumbList\",\"@id\":\"https:\\\/\\\/sportcopywriters.com\\\/copywritingservices\\\/#breadcrumb\",\"itemListElement\":[{\"@type\":\"ListItem\",\"position\":1,\"name\":\"Home\",\"item\":\"https:\\\/\\\/sportcopywriters.com\\\/fr\\\/\"},{\"@type\":\"ListItem\",\"position\":2,\"name\":\"Copywriting Services\"}]},{\"@type\":\"WebSite\",\"@id\":\"https:\\\/\\\/sportcopywriters.com\\\/fr\\\/#website\",\"url\":\"https:\\\/\\\/sportcopywriters.com\\\/fr\\\/\",\"name\":\"SportCopywriters\",\"description\":\"Raise your game with international B2B sport copywriting &amp; research\\\/consulting experts\",\"publisher\":{\"@id\":\"https:\\\/\\\/sportcopywriters.com\\\/fr\\\/#organization\"},\"potentialAction\":[{\"@type\":\"SearchAction\",\"target\":{\"@type\":\"EntryPoint\",\"urlTemplate\":\"https:\\\/\\\/sportcopywriters.com\\\/fr\\\/?s={search_term_string}\"},\"query-input\":{\"@type\":\"PropertyValueSpecification\",\"valueRequired\":true,\"valueName\":\"search_term_string\"}}],\"inLanguage\":\"fr-CA\"},{\"@type\":\"Organization\",\"@id\":\"https:\\\/\\\/sportcopywriters.com\\\/fr\\\/#organization\",\"name\":\"SportCopywriters\",\"url\":\"https:\\\/\\\/sportcopywriters.com\\\/fr\\\/\",\"logo\":{\"@type\":\"ImageObject\",\"inLanguage\":\"fr-CA\",\"@id\":\"https:\\\/\\\/sportcopywriters.com\\\/fr\\\/#\\\/schema\\\/logo\\\/image\\\/\",\"url\":\"https:\\\/\\\/i1.wp.com\\\/sportcopywriters.com\\\/wp-content\\\/uploads\\\/2018\\\/01\\\/4.png?fit=560%2C315&ssl=1\",\"contentUrl\":\"https:\\\/\\\/i1.wp.com\\\/sportcopywriters.com\\\/wp-content\\\/uploads\\\/2018\\\/01\\\/4.png?fit=560%2C315&ssl=1\",\"width\":560,\"height\":315,\"caption\":\"SportCopywriters\"},\"image\":{\"@id\":\"https:\\\/\\\/sportcopywriters.com\\\/fr\\\/#\\\/schema\\\/logo\\\/image\\\/\"},\"sameAs\":[\"https:\\\/\\\/www.facebook.com\\\/MilenaParent\",\"https:\\\/\\\/x.com\\\/MilenaParent\",\"https:\\\/\\\/www.instagram.com\\\/milenaparent\\\/\",\"https:\\\/\\\/www.linkedin.com\\\/in\\\/milena-parent-a1842a2\\\/\"]}]}<\/script>\n<!-- \/ Yoast SEO plugin. -->","yoast_head_json":{"title":"Copywriting Services - SportCopywriters","description":"SportCopywriters offers a range of B2B copywriting services (e.g., white papers, case studies, website audits) for the sport industry","robots":{"index":"index","follow":"follow","max-snippet":"max-snippet:-1","max-image-preview":"max-image-preview:large","max-video-preview":"max-video-preview:-1"},"canonical":"https:\/\/sportcopywriters.com\/fr\/copywritingservices\/","og_locale":"fr_CA","og_type":"article","og_title":"Copywriting Services - SportCopywriters","og_description":"SportCopywriters offers a range of B2B copywriting services (e.g., white papers, case studies, website audits) for the sport industry","og_url":"https:\/\/sportcopywriters.com\/fr\/copywritingservices\/","og_site_name":"SportCopywriters","article_publisher":"https:\/\/www.facebook.com\/MilenaParent","article_modified_time":"2020-12-22T17:10:25+00:00","og_image":[{"url":"https:\/\/sportcopywriters.com\/wp-content\/uploads\/2018\/01\/iStock-695110710_marekuliasz-300x200.jpg","type":"","width":"","height":""}],"twitter_card":"summary_large_image","twitter_site":"@MilenaParent","twitter_misc":{"Estimation du temps de lecture":"2 minutes"},"schema":{"@context":"https:\/\/schema.org","@graph":[{"@type":"WebPage","@id":"https:\/\/sportcopywriters.com\/copywritingservices\/","url":"https:\/\/sportcopywriters.com\/copywritingservices\/","name":"Copywriting Services - SportCopywriters","isPartOf":{"@id":"https:\/\/sportcopywriters.com\/fr\/#website"},"primaryImageOfPage":{"@id":"https:\/\/sportcopywriters.com\/copywritingservices\/#primaryimage"},"image":{"@id":"https:\/\/sportcopywriters.com\/copywritingservices\/#primaryimage"},"thumbnailUrl":"https:\/\/sportcopywriters.com\/wp-content\/uploads\/2018\/01\/iStock-695110710_marekuliasz-300x200.jpg","datePublished":"2018-01-07T20:35:00+00:00","dateModified":"2020-12-22T17:10:25+00:00","description":"SportCopywriters offers a range of B2B copywriting services (e.g., white papers, case studies, website audits) for the sport industry","breadcrumb":{"@id":"https:\/\/sportcopywriters.com\/copywritingservices\/#breadcrumb"},"inLanguage":"fr-CA","potentialAction":[{"@type":"ReadAction","target":["https:\/\/sportcopywriters.com\/copywritingservices\/"]}]},{"@type":"ImageObject","inLanguage":"fr-CA","@id":"https:\/\/sportcopywriters.com\/copywritingservices\/#primaryimage","url":"https:\/\/sportcopywriters.com\/wp-content\/uploads\/2018\/01\/iStock-695110710_marekuliasz-300x200.jpg","contentUrl":"https:\/\/sportcopywriters.com\/wp-content\/uploads\/2018\/01\/iStock-695110710_marekuliasz-300x200.jpg"},{"@type":"BreadcrumbList","@id":"https:\/\/sportcopywriters.com\/copywritingservices\/#breadcrumb","itemListElement":[{"@type":"ListItem","position":1,"name":"Home","item":"https:\/\/sportcopywriters.com\/fr\/"},{"@type":"ListItem","position":2,"name":"Copywriting Services"}]},{"@type":"WebSite","@id":"https:\/\/sportcopywriters.com\/fr\/#website","url":"https:\/\/sportcopywriters.com\/fr\/","name":"SportCopywriters","description":"Raise your game with international B2B sport copywriting &amp; research\/consulting experts","publisher":{"@id":"https:\/\/sportcopywriters.com\/fr\/#organization"},"potentialAction":[{"@type":"SearchAction","target":{"@type":"EntryPoint","urlTemplate":"https:\/\/sportcopywriters.com\/fr\/?s={search_term_string}"},"query-input":{"@type":"PropertyValueSpecification","valueRequired":true,"valueName":"search_term_string"}}],"inLanguage":"fr-CA"},{"@type":"Organization","@id":"https:\/\/sportcopywriters.com\/fr\/#organization","name":"SportCopywriters","url":"https:\/\/sportcopywriters.com\/fr\/","logo":{"@type":"ImageObject","inLanguage":"fr-CA","@id":"https:\/\/sportcopywriters.com\/fr\/#\/schema\/logo\/image\/","url":"https:\/\/i1.wp.com\/sportcopywriters.com\/wp-content\/uploads\/2018\/01\/4.png?fit=560%2C315&ssl=1","contentUrl":"https:\/\/i1.wp.com\/sportcopywriters.com\/wp-content\/uploads\/2018\/01\/4.png?fit=560%2C315&ssl=1","width":560,"height":315,"caption":"SportCopywriters"},"image":{"@id":"https:\/\/sportcopywriters.com\/fr\/#\/schema\/logo\/image\/"},"sameAs":["https:\/\/www.facebook.com\/MilenaParent","https:\/\/x.com\/MilenaParent","https:\/\/www.instagram.com\/milenaparent\/","https:\/\/www.linkedin.com\/in\/milena-parent-a1842a2\/"]}]}},"jetpack_sharing_enabled":true,"jetpack_shortlink":"https:\/\/wp.me\/P9wVma-E","jetpack_likes_enabled":true,"_links":{"self":[{"href":"https:\/\/sportcopywriters.com\/fr\/wp-json\/wp\/v2\/pages\/40","targetHints":{"allow":["GET"]}}],"collection":[{"href":"https:\/\/sportcopywriters.com\/fr\/wp-json\/wp\/v2\/pages"}],"about":[{"href":"https:\/\/sportcopywriters.com\/fr\/wp-json\/wp\/v2\/types\/page"}],"author":[{"embeddable":true,"href":"https:\/\/sportcopywriters.com\/fr\/wp-json\/wp\/v2\/users\/1"}],"replies":[{"embeddable":true,"href":"https:\/\/sportcopywriters.com\/fr\/wp-json\/wp\/v2\/comments?post=40"}],"version-history":[{"count":5,"href":"https:\/\/sportcopywriters.com\/fr\/wp-json\/wp\/v2\/pages\/40\/revisions"}],"predecessor-version":[{"id":385,"href":"https:\/\/sportcopywriters.com\/fr\/wp-json\/wp\/v2\/pages\/40\/revisions\/385"}],"wp:attachment":[{"href":"https:\/\/sportcopywriters.com\/fr\/wp-json\/wp\/v2\/media?parent=40"}],"curies":[{"name":"wp","href":"https:\/\/api.w.org\/{rel}","templated":true}]}}