{"id":42,"date":"2018-01-07T20:34:34","date_gmt":"2018-01-07T20:34:34","guid":{"rendered":"https:\/\/sportcopywriters.com\/?page_id=42"},"modified":"2020-07-28T18:20:16","modified_gmt":"2020-07-28T18:20:16","slug":"research-consulting-services","status":"publish","type":"page","link":"https:\/\/sportcopywriters.com\/fr\/research-consulting-services\/","title":{"rendered":"Recherche &amp; consultation"},"content":{"rendered":"<h1 style=\"text-align: center;\"><strong>Votre secret pour un avantage comp\u00e9titif? Des experts internationaux en recherche et consultation<\/strong><\/h1>\n<h2><img data-recalc-dims=\"1\" loading=\"lazy\" decoding=\"async\" data-attachment-id=\"122\" data-permalink=\"https:\/\/sportcopywriters.com\/fr\/research-consulting-services\/best-practice-mechanism-with-gears\/#main\" data-orig-file=\"https:\/\/i0.wp.com\/sportcopywriters.com\/wp-content\/uploads\/2018\/01\/iStock-537474076_relif.jpg?fit=3384%2C2943&amp;ssl=1\" data-orig-size=\"3384,2943\" data-comments-opened=\"1\" data-image-meta=\"{&quot;aperture&quot;:&quot;5.6&quot;,&quot;credit&quot;:&quot;Getty Images\/iStockphoto&quot;,&quot;camera&quot;:&quot;Canon EOS 6D&quot;,&quot;caption&quot;:&quot;Best Practice Mechanism with Gears&quot;,&quot;created_timestamp&quot;:&quot;1464898033&quot;,&quot;copyright&quot;:&quot;relif&quot;,&quot;focal_length&quot;:&quot;100&quot;,&quot;iso&quot;:&quot;100&quot;,&quot;shutter_speed&quot;:&quot;0.01&quot;,&quot;title&quot;:&quot;Best Practice Mechanism with Gears&quot;,&quot;orientation&quot;:&quot;1&quot;}\" data-image-title=\"Best Practice Mechanism with Gears\" data-image-description=\"&lt;p&gt;Best Practice Mechanism with Gears&lt;\/p&gt;\" data-image-caption=\"\" data-large-file=\"https:\/\/i0.wp.com\/sportcopywriters.com\/wp-content\/uploads\/2018\/01\/iStock-537474076_relif.jpg?fit=1024%2C891&amp;ssl=1\" class=\"aligncenter wp-image-122 size-medium\" src=\"https:\/\/i0.wp.com\/sportcopywriters.com\/wp-content\/uploads\/2018\/01\/iStock-537474076_relif.jpg?resize=300%2C261&#038;ssl=1\" alt=\"Best Practice Mechanism Image with Gears\" width=\"300\" height=\"261\" srcset=\"https:\/\/i0.wp.com\/sportcopywriters.com\/wp-content\/uploads\/2018\/01\/iStock-537474076_relif.jpg?resize=300%2C261&amp;ssl=1 300w, https:\/\/i0.wp.com\/sportcopywriters.com\/wp-content\/uploads\/2018\/01\/iStock-537474076_relif.jpg?resize=768%2C668&amp;ssl=1 768w, https:\/\/i0.wp.com\/sportcopywriters.com\/wp-content\/uploads\/2018\/01\/iStock-537474076_relif.jpg?resize=1024%2C891&amp;ssl=1 1024w, https:\/\/i0.wp.com\/sportcopywriters.com\/wp-content\/uploads\/2018\/01\/iStock-537474076_relif.jpg?w=2400&amp;ssl=1 2400w\" sizes=\"auto, (max-width: 300px) 100vw, 300px\" \/><\/h2>\n<h2>Avez-vous besoin de services de recherche ou de conseils par des experts de l'industrie du sport?<\/h2>\n<p><em>Obtenez les r\u00e9ponses ou l'aide dont vous avez besoin, d\u00e8s maintenant.<\/em><\/p>\n<p>Avez-vous des questions qui n\u00e9cessitent des r\u00e9ponses? Ou avez-vous besoin de conseils en mati\u00e8re de planification strat\u00e9gique, de gouvernance ou de marketing et d'image de marque?<\/p>\n<p>Nous offrons <strong>une expertise en recherche de premi\u00e8re qualit\u00e9 dans vos d\u00e9lais pour tous vos besoins<\/strong>.<\/p>\n<h3><strong>Services de recherche:<\/strong><\/h3>\n<ul>\n<li>Revue et analyses internet, acad\u00e9mique et de documents<\/li>\n<li>Entrevues<\/li>\n<li>Analyses qualitatives et quantitatives<\/li>\n<\/ul>\n<h3><strong>Services de consultation:<\/strong><\/h3>\n<ul>\n<li>Planification strat\u00e9gique<\/li>\n<li>Gouvernance<\/li>\n<li>Marketing et image de marque (branding)<\/li>\n<li>Gouvernance de la marque<\/li>\n<\/ul>\n<p><em>Nous comprenons les besoins de vos clients car nous sommes form\u00e9s en sport et travaillons avec des professionnels du sport. <\/em><\/p>\n<p>Nous avons publi\u00e9 des articles dans les meilleures revues scientifiques internationales \u00e0 comit\u00e9 de lecture sur ces sujets. Vous trouverez ci-dessous un \u00e9chantillon de ces publications:<\/p>\n<ol>\n<li>Parent, M.M., Ruetsch, A. (2021). <em>Managing major sports events: Theory and practice<\/em> (2<sup>i\u00e8me<\/sup> \u00e9dition). Routledge.<\/li>\n<li>Taks M., S\u00e9guin B., Naraine M.L., Thompson A., Parent M.M., Hoye R. (2020). <a href=\"https:\/\/www.tandfonline.com\/doi\/full\/10.1080\/16184742.2019.1690538\" target=\"_blank\" rel=\"noopener noreferrer\">Brand governance practices in Canadian national sport organizations: An exploratory study.<\/a> <em>European Sport Management Quarterly<\/em><u>,<\/u> <em>20<\/em>(1): 10-29.<\/li>\n<li>O\u2019Brien, D, Parent, M.M., Ferkins, L., Gowthorp, L. (2019). <em><a href=\"https:\/\/www.amazon.ca\/Strategic-Management-Sport-Danny-OBrien\/dp\/1138290033\" target=\"_blank\" rel=\"noopener noreferrer\">Strategic Management in Sport<\/a><\/em>. Routledge. 184pp<\/li>\n<li>Parent, M.M., Hoye, R. (2018). <a href=\"https:\/\/www.tandfonline.com\/doi\/full\/10.1080\/23311886.2018.1503578\" target=\"_blank\" rel=\"noopener noreferrer\">The impact of governance principles on sport organisations\u2019 governance practices and performance: A systematic review<\/a>. <em>Cogent Social Sciences, 4<\/em>(1): 1-24.<\/li>\n<li>Hoye, R., Parent, M.M. (Eds.). (2017). <em><a href=\"https:\/\/us.sagepub.com\/en-us\/nam\/the-sage-handbook-of-sport-management\/book243431\" target=\"_blank\" rel=\"noopener noreferrer\">The SAGE handbook of sport management<\/a><\/em>. SAGE. 576pp<\/li>\n<li>Naraine, M.L., Parent, M.M. (2017). <a href=\"https:\/\/journals.ku.edu\/jams\/article\/download\/6492\/6042\" target=\"_blank\" rel=\"noopener noreferrer\">Examining social media adoption and change to the stakeholder communication paradigm in not-for-profit sport organizations.<\/a> <em>Journal of Amateur Sport, 2<\/em>: 55-81.<\/li>\n<li>Parent, M.M., Kristiansen, E., Houlihan, B. (2017). <a href=\"https:\/\/www.inderscienceonline.com\/doi\/abs\/10.1504\/IJSMM.2017.087441\" target=\"_blank\" rel=\"noopener noreferrer\">Governance and knowledge management and transfer: The case of the Lillehammer 2016 Winter Youth Olympic Games<\/a>. <em>International Journal of Sport Management and Marketing<\/em>, <em>17<\/em>(4\/5\/6): 308-330.<\/li>\n<li>Parent, M.M., Harvey, J. (2017). <a href=\"http:\/\/www.tandfonline.com\/doi\/abs\/10.1080\/17430437.2015.1124561?journalCode=fcss20\" target=\"_blank\" rel=\"noopener noreferrer\">A partnership-based evaluation of a community-based physical activity and sport program for youth<\/a>. <em>Sport in Society<\/em>, <em>20<\/em>(1): 7-29.<\/li>\n<li>Naraine, M., Schenk, J., Parent, M.M. (2016). <a href=\"http:\/\/journals.humankinetics.com\/doi\/abs\/10.1123\/jsm.2015-0273\" target=\"_blank\" rel=\"noopener noreferrer\">Coordination in international and domestic sports events: Examining stakeholder network governance<\/a>. <em>Journal of Sport Management<\/em>, <em>30<\/em>(5): 521-537.<\/li>\n<li>Parent, M.M. (2016). <a href=\"http:\/\/www.tandfonline.com\/doi\/abs\/10.1080\/17430437.2015.1108652?journalCode=fcss20\" target=\"_blank\" rel=\"noopener noreferrer\">The governance of the Olympic Games in Canada<\/a>. <em>Sport in Society, 6<\/em>: 796-816.<\/li>\n<li>Parent, M.M., Chappelet, J.-L. (Eds.). (2015). <em><a href=\"https:\/\/www.routledge.com\/Routledge-Handbook-of-Sports-Event-Management\/Parent-Chappelet\/p\/book\/9780415858649\" target=\"_blank\" rel=\"noopener noreferrer\">The Routledge handbook of sports event management<\/a>.<\/em> Routledge. 444pp<\/li>\n<li>Parent, M.M., MacIntosh, E.W. (2013). <a href=\"http:\/\/onlinelibrary.wiley.com\/doi\/10.1002\/cjas.1262\/abstract\" target=\"_blank\" rel=\"noopener noreferrer\">Organizational culture evolution in temporary Organizations: The case of the 2010 Olympic Winter Games.<\/a> <em>Canadian Journal of Administrative Sciences, 30<\/em>(4): 223-237.<\/li>\n<li>Parent, M.M., Eskerud, L., Hanstad, D.V. (2012). <a href=\"http:\/\/www.sciencedirect.com\/science\/article\/pii\/S144135231100060X\" target=\"_blank\" rel=\"noopener noreferrer\">Brand creation in international recurring sporting events<\/a>. <em>Sport Management Review<\/em>, <em>15<\/em>(2): 45-159.<\/li>\n<li>Parent, M.M., Beaupr\u00e9, R., S\u00e9guin, B. (2009). <a href=\"https:\/\/www.inderscienceonline.com\/doi\/abs\/10.1504\/IJSMM.2009.0293\" target=\"_blank\" rel=\"noopener noreferrer\">Key leadership qualities for large-scale sporting events: A case study of the world aquatics championships.<\/a> <em>International Journal of Sport Management &amp; Marketing<\/em>, <em>6<\/em>(4): 367-388.<\/li>\n<li>Parent, M.M., S\u00e9guin, B. (2007). <a href=\"http:\/\/www.tandfonline.com\/doi\/abs\/10.1080\/16184740701353372\" target=\"_blank\" rel=\"noopener noreferrer\">Factors that led to the drowning of a world championship organizing committee: A stakeholder approach<\/a>. <em>European Sport Management Quarterly<\/em>, <em>7<\/em>(2): 187-212.<\/li>\n<\/ol>\n<p>Pour voir comment vous pouvez exploiter les connaissances, l'exp\u00e9rience et l'expertise internationales de SportCopywriters, envoyez-nous un courriel \u00e0 <a href=\"mailto:info@sportcopywriters.com\" target=\"_blank\" rel=\"noopener noreferrer\">info@sportcopywriters.com<\/a>, appelez-nous au +1 (613) 791-1247 ou contactez-nous en utilisant <a href=\"https:\/\/sportcopywriters.com\/fr\/contact-us\/\" target=\"_blank\" rel=\"noopener noreferrer\">ce formulaire<\/a>.<\/p>","protected":false},"excerpt":{"rendered":"<p>Your Competitive Advantage Secret: International Research and Consulting Experts Do you need research or consulting services by sport industry experts? Get the answers or the help you need, now. Do you have questions that need answers?\u00a0Or do you need guidance in strategic planning, governance, or marketing and branding? We offer high quality and timely research &#8230; <a title=\"Research &#038; Consulting Services\" class=\"read-more\" href=\"https:\/\/sportcopywriters.com\/fr\/research-consulting-services\/\" aria-label=\"More on Research &#038; Consulting Services\">Read more<\/a><\/p>","protected":false},"author":1,"featured_media":0,"parent":0,"menu_order":4,"comment_status":"closed","ping_status":"closed","template":"","meta":{"nf_dc_page":"","_monsterinsights_skip_tracking":false,"_monsterinsights_sitenote_active":false,"_monsterinsights_sitenote_note":"","_monsterinsights_sitenote_category":0,"generate_page_header":"","jetpack_post_was_ever_published":false,"footnotes":""},"class_list":["post-42","page","type-page","status-publish"],"yoast_head":"<!-- This site is optimized with the Yoast SEO plugin v27.3 - https:\/\/yoast.com\/product\/yoast-seo-wordpress\/ -->\n<title>Research &amp; Consulting Services - SportCopywriters<\/title>\n<meta name=\"description\" content=\"SportCopywriters offers world-class research and consulting services for the sport industry to help you gain and sustain a competitive advantage\" \/>\n<meta name=\"robots\" content=\"index, follow, max-snippet:-1, max-image-preview:large, max-video-preview:-1\" \/>\n<link rel=\"canonical\" href=\"https:\/\/sportcopywriters.com\/fr\/research-consulting-services\/\" \/>\n<meta property=\"og:locale\" content=\"fr_CA\" \/>\n<meta property=\"og:type\" content=\"article\" \/>\n<meta property=\"og:title\" content=\"Research &amp; Consulting Services - SportCopywriters\" \/>\n<meta property=\"og:description\" content=\"SportCopywriters offers world-class research and consulting services for the sport industry to help you gain and sustain a competitive advantage\" \/>\n<meta property=\"og:url\" content=\"https:\/\/sportcopywriters.com\/fr\/research-consulting-services\/\" \/>\n<meta property=\"og:site_name\" content=\"SportCopywriters\" \/>\n<meta property=\"article:publisher\" content=\"https:\/\/www.facebook.com\/MilenaParent\" \/>\n<meta property=\"article:modified_time\" content=\"2020-07-28T18:20:16+00:00\" \/>\n<meta property=\"og:image\" content=\"https:\/\/sportcopywriters.com\/wp-content\/uploads\/2018\/01\/iStock-537474076_relif-300x261.jpg\" \/>\n<meta name=\"twitter:card\" content=\"summary_large_image\" \/>\n<meta name=\"twitter:site\" content=\"@MilenaParent\" \/>\n<meta name=\"twitter:label1\" content=\"Estimation du temps de lecture\" \/>\n\t<meta name=\"twitter:data1\" content=\"2 minutes\" \/>\n<script type=\"application\/ld+json\" class=\"yoast-schema-graph\">{\"@context\":\"https:\\\/\\\/schema.org\",\"@graph\":[{\"@type\":\"WebPage\",\"@id\":\"https:\\\/\\\/sportcopywriters.com\\\/research-consulting-services\\\/\",\"url\":\"https:\\\/\\\/sportcopywriters.com\\\/research-consulting-services\\\/\",\"name\":\"Research & Consulting Services - SportCopywriters\",\"isPartOf\":{\"@id\":\"https:\\\/\\\/sportcopywriters.com\\\/fr\\\/#website\"},\"primaryImageOfPage\":{\"@id\":\"https:\\\/\\\/sportcopywriters.com\\\/research-consulting-services\\\/#primaryimage\"},\"image\":{\"@id\":\"https:\\\/\\\/sportcopywriters.com\\\/research-consulting-services\\\/#primaryimage\"},\"thumbnailUrl\":\"https:\\\/\\\/sportcopywriters.com\\\/wp-content\\\/uploads\\\/2018\\\/01\\\/iStock-537474076_relif-300x261.jpg\",\"datePublished\":\"2018-01-07T20:34:34+00:00\",\"dateModified\":\"2020-07-28T18:20:16+00:00\",\"description\":\"SportCopywriters offers world-class research and consulting services for the sport industry to help you gain and sustain a competitive advantage\",\"breadcrumb\":{\"@id\":\"https:\\\/\\\/sportcopywriters.com\\\/research-consulting-services\\\/#breadcrumb\"},\"inLanguage\":\"fr-CA\",\"potentialAction\":[{\"@type\":\"ReadAction\",\"target\":[\"https:\\\/\\\/sportcopywriters.com\\\/research-consulting-services\\\/\"]}]},{\"@type\":\"ImageObject\",\"inLanguage\":\"fr-CA\",\"@id\":\"https:\\\/\\\/sportcopywriters.com\\\/research-consulting-services\\\/#primaryimage\",\"url\":\"https:\\\/\\\/sportcopywriters.com\\\/wp-content\\\/uploads\\\/2018\\\/01\\\/iStock-537474076_relif-300x261.jpg\",\"contentUrl\":\"https:\\\/\\\/sportcopywriters.com\\\/wp-content\\\/uploads\\\/2018\\\/01\\\/iStock-537474076_relif-300x261.jpg\"},{\"@type\":\"BreadcrumbList\",\"@id\":\"https:\\\/\\\/sportcopywriters.com\\\/research-consulting-services\\\/#breadcrumb\",\"itemListElement\":[{\"@type\":\"ListItem\",\"position\":1,\"name\":\"Home\",\"item\":\"https:\\\/\\\/sportcopywriters.com\\\/fr\\\/\"},{\"@type\":\"ListItem\",\"position\":2,\"name\":\"Research &#038; Consulting Services\"}]},{\"@type\":\"WebSite\",\"@id\":\"https:\\\/\\\/sportcopywriters.com\\\/fr\\\/#website\",\"url\":\"https:\\\/\\\/sportcopywriters.com\\\/fr\\\/\",\"name\":\"SportCopywriters\",\"description\":\"Raise your game with international B2B sport copywriting &amp; research\\\/consulting experts\",\"publisher\":{\"@id\":\"https:\\\/\\\/sportcopywriters.com\\\/fr\\\/#organization\"},\"potentialAction\":[{\"@type\":\"SearchAction\",\"target\":{\"@type\":\"EntryPoint\",\"urlTemplate\":\"https:\\\/\\\/sportcopywriters.com\\\/fr\\\/?s={search_term_string}\"},\"query-input\":{\"@type\":\"PropertyValueSpecification\",\"valueRequired\":true,\"valueName\":\"search_term_string\"}}],\"inLanguage\":\"fr-CA\"},{\"@type\":\"Organization\",\"@id\":\"https:\\\/\\\/sportcopywriters.com\\\/fr\\\/#organization\",\"name\":\"SportCopywriters\",\"url\":\"https:\\\/\\\/sportcopywriters.com\\\/fr\\\/\",\"logo\":{\"@type\":\"ImageObject\",\"inLanguage\":\"fr-CA\",\"@id\":\"https:\\\/\\\/sportcopywriters.com\\\/fr\\\/#\\\/schema\\\/logo\\\/image\\\/\",\"url\":\"https:\\\/\\\/i1.wp.com\\\/sportcopywriters.com\\\/wp-content\\\/uploads\\\/2018\\\/01\\\/4.png?fit=560%2C315&ssl=1\",\"contentUrl\":\"https:\\\/\\\/i1.wp.com\\\/sportcopywriters.com\\\/wp-content\\\/uploads\\\/2018\\\/01\\\/4.png?fit=560%2C315&ssl=1\",\"width\":560,\"height\":315,\"caption\":\"SportCopywriters\"},\"image\":{\"@id\":\"https:\\\/\\\/sportcopywriters.com\\\/fr\\\/#\\\/schema\\\/logo\\\/image\\\/\"},\"sameAs\":[\"https:\\\/\\\/www.facebook.com\\\/MilenaParent\",\"https:\\\/\\\/x.com\\\/MilenaParent\",\"https:\\\/\\\/www.instagram.com\\\/milenaparent\\\/\",\"https:\\\/\\\/www.linkedin.com\\\/in\\\/milena-parent-a1842a2\\\/\"]}]}<\/script>\n<!-- \/ Yoast SEO plugin. -->","yoast_head_json":{"title":"Research & Consulting Services - SportCopywriters","description":"SportCopywriters offers world-class research and consulting services for the sport industry to help you gain and sustain a competitive advantage","robots":{"index":"index","follow":"follow","max-snippet":"max-snippet:-1","max-image-preview":"max-image-preview:large","max-video-preview":"max-video-preview:-1"},"canonical":"https:\/\/sportcopywriters.com\/fr\/research-consulting-services\/","og_locale":"fr_CA","og_type":"article","og_title":"Research & Consulting Services - SportCopywriters","og_description":"SportCopywriters offers world-class research and consulting services for the sport industry to help you gain and sustain a competitive advantage","og_url":"https:\/\/sportcopywriters.com\/fr\/research-consulting-services\/","og_site_name":"SportCopywriters","article_publisher":"https:\/\/www.facebook.com\/MilenaParent","article_modified_time":"2020-07-28T18:20:16+00:00","og_image":[{"url":"https:\/\/sportcopywriters.com\/wp-content\/uploads\/2018\/01\/iStock-537474076_relif-300x261.jpg","type":"","width":"","height":""}],"twitter_card":"summary_large_image","twitter_site":"@MilenaParent","twitter_misc":{"Estimation du temps de lecture":"2 minutes"},"schema":{"@context":"https:\/\/schema.org","@graph":[{"@type":"WebPage","@id":"https:\/\/sportcopywriters.com\/research-consulting-services\/","url":"https:\/\/sportcopywriters.com\/research-consulting-services\/","name":"Research & Consulting Services - SportCopywriters","isPartOf":{"@id":"https:\/\/sportcopywriters.com\/fr\/#website"},"primaryImageOfPage":{"@id":"https:\/\/sportcopywriters.com\/research-consulting-services\/#primaryimage"},"image":{"@id":"https:\/\/sportcopywriters.com\/research-consulting-services\/#primaryimage"},"thumbnailUrl":"https:\/\/sportcopywriters.com\/wp-content\/uploads\/2018\/01\/iStock-537474076_relif-300x261.jpg","datePublished":"2018-01-07T20:34:34+00:00","dateModified":"2020-07-28T18:20:16+00:00","description":"SportCopywriters offers world-class research and consulting services for the sport industry to help you gain and sustain a competitive advantage","breadcrumb":{"@id":"https:\/\/sportcopywriters.com\/research-consulting-services\/#breadcrumb"},"inLanguage":"fr-CA","potentialAction":[{"@type":"ReadAction","target":["https:\/\/sportcopywriters.com\/research-consulting-services\/"]}]},{"@type":"ImageObject","inLanguage":"fr-CA","@id":"https:\/\/sportcopywriters.com\/research-consulting-services\/#primaryimage","url":"https:\/\/sportcopywriters.com\/wp-content\/uploads\/2018\/01\/iStock-537474076_relif-300x261.jpg","contentUrl":"https:\/\/sportcopywriters.com\/wp-content\/uploads\/2018\/01\/iStock-537474076_relif-300x261.jpg"},{"@type":"BreadcrumbList","@id":"https:\/\/sportcopywriters.com\/research-consulting-services\/#breadcrumb","itemListElement":[{"@type":"ListItem","position":1,"name":"Home","item":"https:\/\/sportcopywriters.com\/fr\/"},{"@type":"ListItem","position":2,"name":"Research &#038; Consulting Services"}]},{"@type":"WebSite","@id":"https:\/\/sportcopywriters.com\/fr\/#website","url":"https:\/\/sportcopywriters.com\/fr\/","name":"SportCopywriters","description":"Raise your game with international B2B sport copywriting &amp; research\/consulting experts","publisher":{"@id":"https:\/\/sportcopywriters.com\/fr\/#organization"},"potentialAction":[{"@type":"SearchAction","target":{"@type":"EntryPoint","urlTemplate":"https:\/\/sportcopywriters.com\/fr\/?s={search_term_string}"},"query-input":{"@type":"PropertyValueSpecification","valueRequired":true,"valueName":"search_term_string"}}],"inLanguage":"fr-CA"},{"@type":"Organization","@id":"https:\/\/sportcopywriters.com\/fr\/#organization","name":"SportCopywriters","url":"https:\/\/sportcopywriters.com\/fr\/","logo":{"@type":"ImageObject","inLanguage":"fr-CA","@id":"https:\/\/sportcopywriters.com\/fr\/#\/schema\/logo\/image\/","url":"https:\/\/i1.wp.com\/sportcopywriters.com\/wp-content\/uploads\/2018\/01\/4.png?fit=560%2C315&ssl=1","contentUrl":"https:\/\/i1.wp.com\/sportcopywriters.com\/wp-content\/uploads\/2018\/01\/4.png?fit=560%2C315&ssl=1","width":560,"height":315,"caption":"SportCopywriters"},"image":{"@id":"https:\/\/sportcopywriters.com\/fr\/#\/schema\/logo\/image\/"},"sameAs":["https:\/\/www.facebook.com\/MilenaParent","https:\/\/x.com\/MilenaParent","https:\/\/www.instagram.com\/milenaparent\/","https:\/\/www.linkedin.com\/in\/milena-parent-a1842a2\/"]}]}},"jetpack_sharing_enabled":true,"jetpack_shortlink":"https:\/\/wp.me\/P9wVma-G","jetpack_likes_enabled":true,"_links":{"self":[{"href":"https:\/\/sportcopywriters.com\/fr\/wp-json\/wp\/v2\/pages\/42","targetHints":{"allow":["GET"]}}],"collection":[{"href":"https:\/\/sportcopywriters.com\/fr\/wp-json\/wp\/v2\/pages"}],"about":[{"href":"https:\/\/sportcopywriters.com\/fr\/wp-json\/wp\/v2\/types\/page"}],"author":[{"embeddable":true,"href":"https:\/\/sportcopywriters.com\/fr\/wp-json\/wp\/v2\/users\/1"}],"replies":[{"embeddable":true,"href":"https:\/\/sportcopywriters.com\/fr\/wp-json\/wp\/v2\/comments?post=42"}],"version-history":[{"count":4,"href":"https:\/\/sportcopywriters.com\/fr\/wp-json\/wp\/v2\/pages\/42\/revisions"}],"predecessor-version":[{"id":345,"href":"https:\/\/sportcopywriters.com\/fr\/wp-json\/wp\/v2\/pages\/42\/revisions\/345"}],"wp:attachment":[{"href":"https:\/\/sportcopywriters.com\/fr\/wp-json\/wp\/v2\/media?parent=42"}],"curies":[{"name":"wp","href":"https:\/\/api.w.org\/{rel}","templated":true}]}}