{"id":80,"date":"2018-01-07T21:50:12","date_gmt":"2018-01-07T21:50:12","guid":{"rendered":"https:\/\/sportcopywriters.com\/?page_id=80"},"modified":"2024-08-09T10:08:30","modified_gmt":"2024-08-09T14:08:30","slug":"faq","status":"publish","type":"page","link":"https:\/\/sportcopywriters.com\/fr\/faq\/","title":{"rendered":"Foire aux questions"},"content":{"rendered":"<h1 style=\"text-align: center;\"><strong>Vous avez des questions? Nous avons les r\u00e9ponses...<\/strong><\/h1>\n<h2><img data-recalc-dims=\"1\" loading=\"lazy\" decoding=\"async\" data-attachment-id=\"119\" data-permalink=\"https:\/\/sportcopywriters.com\/fr\/faq\/faq\/#main\" data-orig-file=\"https:\/\/i0.wp.com\/sportcopywriters.com\/wp-content\/uploads\/2018\/01\/iStock_70892425_SMALL.jpg?fit=848%2C565&amp;ssl=1\" data-orig-size=\"848,565\" data-comments-opened=\"1\" data-image-meta=\"{&quot;aperture&quot;:&quot;14&quot;,&quot;credit&quot;:&quot;Getty Images\/iStockphoto&quot;,&quot;camera&quot;:&quot;Canon EOS 60D&quot;,&quot;caption&quot;:&quot;Faq appearing behind blue color paper&quot;,&quot;created_timestamp&quot;:&quot;1411395427&quot;,&quot;copyright&quot;:&quot;dolphfyn&quot;,&quot;focal_length&quot;:&quot;50&quot;,&quot;iso&quot;:&quot;100&quot;,&quot;shutter_speed&quot;:&quot;5&quot;,&quot;title&quot;:&quot;FAQ&quot;,&quot;orientation&quot;:&quot;1&quot;}\" data-image-title=\"FAQ\" data-image-description=\"&lt;p&gt;FAQ&lt;\/p&gt;\" data-image-caption=\"\" data-large-file=\"https:\/\/i0.wp.com\/sportcopywriters.com\/wp-content\/uploads\/2018\/01\/iStock_70892425_SMALL.jpg?fit=848%2C565&amp;ssl=1\" class=\"aligncenter wp-image-119 size-medium\" src=\"https:\/\/i0.wp.com\/sportcopywriters.com\/wp-content\/uploads\/2018\/01\/iStock_70892425_SMALL.jpg?resize=300%2C200&#038;ssl=1\" alt=\"FAQs image\" width=\"300\" height=\"200\" srcset=\"https:\/\/i0.wp.com\/sportcopywriters.com\/wp-content\/uploads\/2018\/01\/iStock_70892425_SMALL.jpg?resize=300%2C200&amp;ssl=1 300w, https:\/\/i0.wp.com\/sportcopywriters.com\/wp-content\/uploads\/2018\/01\/iStock_70892425_SMALL.jpg?resize=768%2C512&amp;ssl=1 768w, https:\/\/i0.wp.com\/sportcopywriters.com\/wp-content\/uploads\/2018\/01\/iStock_70892425_SMALL.jpg?w=848&amp;ssl=1 848w\" sizes=\"auto, (max-width: 300px) 100vw, 300px\" \/><\/h2>\n<h2>Avez-vous des questions sur nos services ou comment nous travaillons?<\/h2>\n<p><em>Trouvez vos r\u00e9ponses ci-dessous dans notre Foire aux questions ou\u00a0<\/em><em><a href=\"https:\/\/sportcopywriters.com\/fr\/contact-us\/\" target=\"_blank\" rel=\"noopener noreferrer\">contactez-nous maintenant<\/a>\u00a0&#8230;<\/em><\/p>\n<h3><strong>Qu'est-ce qui vous distingue?<\/strong><\/h3>\n<p>Nous avons une exp\u00e9rience internationale, sur le terrain, en gestion et gestion du sport. Nous avons aussi des doctorats, la plus haute qualification en recherche de qualit\u00e9, en gestion du sport et en psychologie. Nous poss\u00e9dons les informations de pointe parce que nous avons probablement fait des recherches sur ces sujets. Et, nous savons ce qui motive les gens, comment les atteindre.<\/p>\n<p>Nous sommes d'anciens athl\u00e8tes de comp\u00e9tition dans une vari\u00e9t\u00e9 de sports (football \/ soccer, patinage artistique, rugby, athl\u00e9tisme). Nous participons \u00e0 des activit\u00e9s physiques (gym, yoga, pilates), au golf et au cyclisme. Nous avons \u00e9galement \u00e9t\u00e9 entra\u00eeneurs, b\u00e9n\u00e9voles et gestionnaires sportifs aux niveaux local, national et international.<\/p>\n<p>Cette vaste exp\u00e9rience sur le terrain, ainsi que nos comp\u00e9tences professionnelles et de recherche internationales informent nos services de r\u00e9daction \/ copywriting, de recherche et de conseil. Bref, nous connaissons le sport!<\/p>\n<p>Ceci veut dire que nous connaissons vos clients car nous avons \u00e9t\u00e9 vos clients. Et, vous obtiendrez du savoir international et \u00e0 la fine pointe pour utiliser \u00e0 votre avantage.<\/p>\n<h3><strong>Avez-vous des sp\u00e9cialit\u00e9s?<\/strong><\/h3>\n<p>Nos sp\u00e9cialit\u00e9s comprennent la planification strat\u00e9gique, la recherche et consultation, les papiers blancs, les \u00e9tudes de cas et les audits de sites web<\/p>\n<h3><strong>Quels services offrez-vous?<\/strong><\/h3>\n<p>Nous offrons <a href=\"https:\/\/sportcopywriters.com\/fr\/copywriting-services\/\" target=\"_blank\" rel=\"noopener noreferrer\">des services de copywriting B2B<\/a>, et nous nous sp\u00e9cialisons dans les papiers blancs et les \u00e9tudes de cas, ainsi que <a href=\"https:\/\/sportcopywriters.com\/fr\/copywriting-services\/\" target=\"_blank\" rel=\"noopener noreferrer\">les services pour les sites Web<\/a>, comme les audits de sites.<\/p>\n<p>Nous offrons \u00e9galement <a href=\"https:\/\/sportcopywriters.com\/fr\/research-consulting-services\/\" target=\"_blank\" rel=\"noopener noreferrer\">des services de recherche et de consultation<\/a>\u00a0pour vous aider \u00e0 r\u00e9pondre \u00e0 vos questions ou vous guider dans vos activit\u00e9s de planification strat\u00e9gique, de gouvernance ou de marketing et de valorisation de votre marque.<\/p>\n<h3><strong>\u00c0 quoi puis-je m'attendre si je travaille avec vous?<\/strong><\/h3>\n<p>Nous allons travailler en partenariat avec vous. Apr\u00e8s une r\u00e9union exploratoire \/ discussion initiale, nous \u00e9tablirons un plan d'action pour le projet dans le cadre d'un contrat mutuellement convenu. Nous effectuerons des recherches approfondies, utiliserons des techniques de recherche et de r\u00e9daction \u00e0 la fine pointe et livrerons le projet dans les d\u00e9lais pr\u00e9vus. Deux r\u00e9visions avec un(des) \u00e9valuateur(s) d\u00e9sign\u00e9(s) au sein de votre organisation seront int\u00e9gr\u00e9es au projet.<\/p>\n<h3><strong>Combien \u00e7a co\u00fbte?<\/strong><\/h3>\n<p>Chaque projet est unique. Les devis des projets sont bas\u00e9s sur la valeur du projet, ce qui signifie que vous payez pour le retour sur investissement et la valeur du produit fini - il ne s'agit pas du temps pass\u00e9 sur le projet. Les co\u00fbts sont donc \u00e9tablis en fonction des besoins, de la port\u00e9e et des d\u00e9lais du projet. Pour avoir une id\u00e9e des normes de l'industrie en mati\u00e8re de projets de haute qualit\u00e9, voir <a href=\"https:\/\/www.awai.com\/copywriter-rates\/?gad_source=1&amp;gclid=CjwKCAjw_Na1BhAlEiwAM-dm7IoTzR4biVd3bG0QviWZy_W6nVB_zgb4sguVzW24Hv3vRUDyPU3EShoC7wwQAvD_BwE\" target=\"_blank\" rel=\"noopener\">AWAI<\/a>.<\/p>\n<h3><strong>J'ai un d\u00e9lai serr\u00e9. Pouvez-vous aider et facturez-vous plus pour les travaux urgents?<\/strong><\/h3>\n<p>Nous sommes fiers de livrer \u00e0 temps, donc nous serons honn\u00eates quant aux attentes et quant \u00e0 savoir si c'est faisable. Nos d\u00e9lais habituels sont de 3 semaines pour commencer un projet. Si nous pouvons int\u00e9grer votre projet dans notre horaire, nous ferons de notre mieux pour mener \u00e0 bien votre projet. Cela signifierait probablement un co\u00fbt plus \u00e9lev\u00e9 de 20 \u00e0 25%. Mais les d\u00e9tails d\u00e9pendent de la port\u00e9e et des d\u00e9tails du projet.<\/p>\n<h3><strong>Pouvez-vous faire du design aussi?<\/strong><\/h3>\n<p>Nous sommes form\u00e9s en r\u00e9daction \/ copywriting et en recherche \/ conseils. C'est notre expertise.<\/p>\n<p>Nous r\u00e9alisons \u00e9galement des conceptions de sites Web, telles que des mises en page de sites Web ou des id\u00e9es d'images. Pour des designs plus \u00e9labor\u00e9s, nous pouvons proposer des graphistes.<\/p>\n<h3><strong>Et si je veux faire des r\u00e9visions?<\/strong><\/h3>\n<p>Deux s\u00e9ries de r\u00e9visions sont int\u00e9gr\u00e9es \u00e0 chaque projet, avec un(des) \u00e9valuateur(s) pr\u00e9\u00e9tabli(s) et d\u00e9sign\u00e9(s) par vous. Ces r\u00e9viseurs devraient faire partie du processus complet du projet pour l'efficacit\u00e9 et l'efficience. Au-del\u00e0 de ces 2 rondes, c'est un surco\u00fbt de 10 % par ronde additionnelle.<\/p>\n<h3><strong>Comment puis-je vous embaucher? Dois-je signer un contrat? Demandez-vous de l'argent \u00e0 l'avance?<\/strong><\/h3>\n<p>Si vous \u00eates int\u00e9ress\u00e9 par nos services, appelez-nous directement au +1 (613) 791-1247, envoyez-nous un courriel \u00e0 <a href=\"mailto:info@sportcopywriters.com\">info@sportcopywriters.com<\/a>, ou compl\u00e9tez <a href=\"https:\/\/sportcopywriters.com\/fr\/contact-us\/\" target=\"_blank\" rel=\"noopener noreferrer\">ce formulaire<\/a>. Nous aurons alors une conversation exploratoire ou discussion \/ consultation initiale avec vous pour \u00e9tablir vos besoins et la port\u00e9e du projet.<\/p>\n<p>Si tout semble bon, nous signons un contrat qui pr\u00e9cise les d\u00e9tails du projet et les attentes. Comme c'est la norme dans l'industrie de la r\u00e9daction, la moiti\u00e9 du co\u00fbt du projet est n\u00e9cessaire d\u00e8s le d\u00e9part en tant que taxe de retenue.<\/p>\n<p>Si vous \u00eates int\u00e9ress\u00e9 par les services de SportCopywriters, envoyez-nous un courriel \u00e0 <a href=\"mailto:info@sportcopywriters.com\">info@sportcopywriters.com<\/a>, appelez-nous au +1 (613) 791-1247 ou contactez-nous en utilisant <a href=\"https:\/\/sportcopywriters.com\/fr\/contact-us\/\" target=\"_blank\" rel=\"noopener noreferrer\">ce formulaire<\/a>.<\/p>","protected":false},"excerpt":{"rendered":"<p>Have Questions? We&#8217;ve Got Answers&#8230; Do you have questions about our services or how we work? Find your answers below in our Frequently Asked Questions or\u00a0contact us now\u00a0&#8230; What sets you apart? We have international, field-level experience in sport and sport management. We also have Ph.D.\u2019s, the highest designation of quality research skills, in sport &#8230; <a title=\"Foire aux questions\" class=\"read-more\" href=\"https:\/\/sportcopywriters.com\/fr\/faq\/\" aria-label=\"More on FAQs\">Read more<\/a><\/p>","protected":false},"author":1,"featured_media":0,"parent":0,"menu_order":5,"comment_status":"closed","ping_status":"closed","template":"","meta":{"nf_dc_page":"","_monsterinsights_skip_tracking":false,"_monsterinsights_sitenote_active":false,"_monsterinsights_sitenote_note":"","_monsterinsights_sitenote_category":0,"generate_page_header":"","jetpack_post_was_ever_published":false,"footnotes":""},"class_list":["post-80","page","type-page","status-publish"],"yoast_head":"<!-- This site is optimized with the Yoast SEO plugin v27.3 - https:\/\/yoast.com\/product\/yoast-seo-wordpress\/ -->\n<title>FAQs - SportCopywriters<\/title>\n<meta name=\"description\" content=\"Frequently asked questions about SportCopywriters. We offer B2B copywriting, research and consulting services for the sport industry.\" \/>\n<meta name=\"robots\" content=\"index, follow, max-snippet:-1, max-image-preview:large, max-video-preview:-1\" \/>\n<link rel=\"canonical\" href=\"https:\/\/sportcopywriters.com\/fr\/faq\/\" \/>\n<meta property=\"og:locale\" content=\"fr_CA\" \/>\n<meta property=\"og:type\" content=\"article\" \/>\n<meta property=\"og:title\" content=\"FAQs - SportCopywriters\" \/>\n<meta property=\"og:description\" content=\"Frequently asked questions about SportCopywriters. We offer B2B copywriting, research and consulting services for the sport industry.\" \/>\n<meta property=\"og:url\" content=\"https:\/\/sportcopywriters.com\/fr\/faq\/\" \/>\n<meta property=\"og:site_name\" content=\"SportCopywriters\" \/>\n<meta property=\"article:publisher\" content=\"https:\/\/www.facebook.com\/MilenaParent\" \/>\n<meta property=\"article:modified_time\" content=\"2024-08-09T14:08:30+00:00\" \/>\n<meta property=\"og:image\" content=\"https:\/\/sportcopywriters.com\/wp-content\/uploads\/2018\/01\/iStock_70892425_SMALL-300x200.jpg\" \/>\n<meta name=\"twitter:card\" content=\"summary_large_image\" \/>\n<meta name=\"twitter:site\" content=\"@MilenaParent\" \/>\n<meta name=\"twitter:label1\" content=\"Estimation du temps de lecture\" \/>\n\t<meta name=\"twitter:data1\" content=\"4 minutes\" \/>\n<script type=\"application\/ld+json\" class=\"yoast-schema-graph\">{\"@context\":\"https:\\\/\\\/schema.org\",\"@graph\":[{\"@type\":\"WebPage\",\"@id\":\"https:\\\/\\\/sportcopywriters.com\\\/faq\\\/\",\"url\":\"https:\\\/\\\/sportcopywriters.com\\\/faq\\\/\",\"name\":\"FAQs - SportCopywriters\",\"isPartOf\":{\"@id\":\"https:\\\/\\\/sportcopywriters.com\\\/fr\\\/#website\"},\"primaryImageOfPage\":{\"@id\":\"https:\\\/\\\/sportcopywriters.com\\\/faq\\\/#primaryimage\"},\"image\":{\"@id\":\"https:\\\/\\\/sportcopywriters.com\\\/faq\\\/#primaryimage\"},\"thumbnailUrl\":\"https:\\\/\\\/sportcopywriters.com\\\/wp-content\\\/uploads\\\/2018\\\/01\\\/iStock_70892425_SMALL-300x200.jpg\",\"datePublished\":\"2018-01-07T21:50:12+00:00\",\"dateModified\":\"2024-08-09T14:08:30+00:00\",\"description\":\"Frequently asked questions about SportCopywriters. We offer B2B copywriting, research and consulting services for the sport industry.\",\"breadcrumb\":{\"@id\":\"https:\\\/\\\/sportcopywriters.com\\\/faq\\\/#breadcrumb\"},\"inLanguage\":\"fr-CA\",\"potentialAction\":[{\"@type\":\"ReadAction\",\"target\":[\"https:\\\/\\\/sportcopywriters.com\\\/faq\\\/\"]}]},{\"@type\":\"ImageObject\",\"inLanguage\":\"fr-CA\",\"@id\":\"https:\\\/\\\/sportcopywriters.com\\\/faq\\\/#primaryimage\",\"url\":\"https:\\\/\\\/sportcopywriters.com\\\/wp-content\\\/uploads\\\/2018\\\/01\\\/iStock_70892425_SMALL-300x200.jpg\",\"contentUrl\":\"https:\\\/\\\/sportcopywriters.com\\\/wp-content\\\/uploads\\\/2018\\\/01\\\/iStock_70892425_SMALL-300x200.jpg\"},{\"@type\":\"BreadcrumbList\",\"@id\":\"https:\\\/\\\/sportcopywriters.com\\\/faq\\\/#breadcrumb\",\"itemListElement\":[{\"@type\":\"ListItem\",\"position\":1,\"name\":\"Home\",\"item\":\"https:\\\/\\\/sportcopywriters.com\\\/fr\\\/\"},{\"@type\":\"ListItem\",\"position\":2,\"name\":\"FAQs\"}]},{\"@type\":\"WebSite\",\"@id\":\"https:\\\/\\\/sportcopywriters.com\\\/fr\\\/#website\",\"url\":\"https:\\\/\\\/sportcopywriters.com\\\/fr\\\/\",\"name\":\"SportCopywriters\",\"description\":\"Raise your game with international B2B sport copywriting &amp; research\\\/consulting experts\",\"publisher\":{\"@id\":\"https:\\\/\\\/sportcopywriters.com\\\/fr\\\/#organization\"},\"potentialAction\":[{\"@type\":\"SearchAction\",\"target\":{\"@type\":\"EntryPoint\",\"urlTemplate\":\"https:\\\/\\\/sportcopywriters.com\\\/fr\\\/?s={search_term_string}\"},\"query-input\":{\"@type\":\"PropertyValueSpecification\",\"valueRequired\":true,\"valueName\":\"search_term_string\"}}],\"inLanguage\":\"fr-CA\"},{\"@type\":\"Organization\",\"@id\":\"https:\\\/\\\/sportcopywriters.com\\\/fr\\\/#organization\",\"name\":\"SportCopywriters\",\"url\":\"https:\\\/\\\/sportcopywriters.com\\\/fr\\\/\",\"logo\":{\"@type\":\"ImageObject\",\"inLanguage\":\"fr-CA\",\"@id\":\"https:\\\/\\\/sportcopywriters.com\\\/fr\\\/#\\\/schema\\\/logo\\\/image\\\/\",\"url\":\"https:\\\/\\\/i1.wp.com\\\/sportcopywriters.com\\\/wp-content\\\/uploads\\\/2018\\\/01\\\/4.png?fit=560%2C315&ssl=1\",\"contentUrl\":\"https:\\\/\\\/i1.wp.com\\\/sportcopywriters.com\\\/wp-content\\\/uploads\\\/2018\\\/01\\\/4.png?fit=560%2C315&ssl=1\",\"width\":560,\"height\":315,\"caption\":\"SportCopywriters\"},\"image\":{\"@id\":\"https:\\\/\\\/sportcopywriters.com\\\/fr\\\/#\\\/schema\\\/logo\\\/image\\\/\"},\"sameAs\":[\"https:\\\/\\\/www.facebook.com\\\/MilenaParent\",\"https:\\\/\\\/x.com\\\/MilenaParent\",\"https:\\\/\\\/www.instagram.com\\\/milenaparent\\\/\",\"https:\\\/\\\/www.linkedin.com\\\/in\\\/milena-parent-a1842a2\\\/\"]}]}<\/script>\n<!-- \/ Yoast SEO plugin. -->","yoast_head_json":{"title":"FAQs - SportCopywriters","description":"Frequently asked questions about SportCopywriters. We offer B2B copywriting, research and consulting services for the sport industry.","robots":{"index":"index","follow":"follow","max-snippet":"max-snippet:-1","max-image-preview":"max-image-preview:large","max-video-preview":"max-video-preview:-1"},"canonical":"https:\/\/sportcopywriters.com\/fr\/faq\/","og_locale":"fr_CA","og_type":"article","og_title":"FAQs - SportCopywriters","og_description":"Frequently asked questions about SportCopywriters. We offer B2B copywriting, research and consulting services for the sport industry.","og_url":"https:\/\/sportcopywriters.com\/fr\/faq\/","og_site_name":"SportCopywriters","article_publisher":"https:\/\/www.facebook.com\/MilenaParent","article_modified_time":"2024-08-09T14:08:30+00:00","og_image":[{"url":"https:\/\/sportcopywriters.com\/wp-content\/uploads\/2018\/01\/iStock_70892425_SMALL-300x200.jpg","type":"","width":"","height":""}],"twitter_card":"summary_large_image","twitter_site":"@MilenaParent","twitter_misc":{"Estimation du temps de lecture":"4 minutes"},"schema":{"@context":"https:\/\/schema.org","@graph":[{"@type":"WebPage","@id":"https:\/\/sportcopywriters.com\/faq\/","url":"https:\/\/sportcopywriters.com\/faq\/","name":"FAQs - SportCopywriters","isPartOf":{"@id":"https:\/\/sportcopywriters.com\/fr\/#website"},"primaryImageOfPage":{"@id":"https:\/\/sportcopywriters.com\/faq\/#primaryimage"},"image":{"@id":"https:\/\/sportcopywriters.com\/faq\/#primaryimage"},"thumbnailUrl":"https:\/\/sportcopywriters.com\/wp-content\/uploads\/2018\/01\/iStock_70892425_SMALL-300x200.jpg","datePublished":"2018-01-07T21:50:12+00:00","dateModified":"2024-08-09T14:08:30+00:00","description":"Frequently asked questions about SportCopywriters. We offer B2B copywriting, research and consulting services for the sport industry.","breadcrumb":{"@id":"https:\/\/sportcopywriters.com\/faq\/#breadcrumb"},"inLanguage":"fr-CA","potentialAction":[{"@type":"ReadAction","target":["https:\/\/sportcopywriters.com\/faq\/"]}]},{"@type":"ImageObject","inLanguage":"fr-CA","@id":"https:\/\/sportcopywriters.com\/faq\/#primaryimage","url":"https:\/\/sportcopywriters.com\/wp-content\/uploads\/2018\/01\/iStock_70892425_SMALL-300x200.jpg","contentUrl":"https:\/\/sportcopywriters.com\/wp-content\/uploads\/2018\/01\/iStock_70892425_SMALL-300x200.jpg"},{"@type":"BreadcrumbList","@id":"https:\/\/sportcopywriters.com\/faq\/#breadcrumb","itemListElement":[{"@type":"ListItem","position":1,"name":"Home","item":"https:\/\/sportcopywriters.com\/fr\/"},{"@type":"ListItem","position":2,"name":"FAQs"}]},{"@type":"WebSite","@id":"https:\/\/sportcopywriters.com\/fr\/#website","url":"https:\/\/sportcopywriters.com\/fr\/","name":"SportCopywriters","description":"Raise your game with international B2B sport copywriting &amp; research\/consulting experts","publisher":{"@id":"https:\/\/sportcopywriters.com\/fr\/#organization"},"potentialAction":[{"@type":"SearchAction","target":{"@type":"EntryPoint","urlTemplate":"https:\/\/sportcopywriters.com\/fr\/?s={search_term_string}"},"query-input":{"@type":"PropertyValueSpecification","valueRequired":true,"valueName":"search_term_string"}}],"inLanguage":"fr-CA"},{"@type":"Organization","@id":"https:\/\/sportcopywriters.com\/fr\/#organization","name":"SportCopywriters","url":"https:\/\/sportcopywriters.com\/fr\/","logo":{"@type":"ImageObject","inLanguage":"fr-CA","@id":"https:\/\/sportcopywriters.com\/fr\/#\/schema\/logo\/image\/","url":"https:\/\/i1.wp.com\/sportcopywriters.com\/wp-content\/uploads\/2018\/01\/4.png?fit=560%2C315&ssl=1","contentUrl":"https:\/\/i1.wp.com\/sportcopywriters.com\/wp-content\/uploads\/2018\/01\/4.png?fit=560%2C315&ssl=1","width":560,"height":315,"caption":"SportCopywriters"},"image":{"@id":"https:\/\/sportcopywriters.com\/fr\/#\/schema\/logo\/image\/"},"sameAs":["https:\/\/www.facebook.com\/MilenaParent","https:\/\/x.com\/MilenaParent","https:\/\/www.instagram.com\/milenaparent\/","https:\/\/www.linkedin.com\/in\/milena-parent-a1842a2\/"]}]}},"jetpack_sharing_enabled":true,"jetpack_shortlink":"https:\/\/wp.me\/P9wVma-1i","jetpack_likes_enabled":true,"_links":{"self":[{"href":"https:\/\/sportcopywriters.com\/fr\/wp-json\/wp\/v2\/pages\/80","targetHints":{"allow":["GET"]}}],"collection":[{"href":"https:\/\/sportcopywriters.com\/fr\/wp-json\/wp\/v2\/pages"}],"about":[{"href":"https:\/\/sportcopywriters.com\/fr\/wp-json\/wp\/v2\/types\/page"}],"author":[{"embeddable":true,"href":"https:\/\/sportcopywriters.com\/fr\/wp-json\/wp\/v2\/users\/1"}],"replies":[{"embeddable":true,"href":"https:\/\/sportcopywriters.com\/fr\/wp-json\/wp\/v2\/comments?post=80"}],"version-history":[{"count":4,"href":"https:\/\/sportcopywriters.com\/fr\/wp-json\/wp\/v2\/pages\/80\/revisions"}],"predecessor-version":[{"id":553,"href":"https:\/\/sportcopywriters.com\/fr\/wp-json\/wp\/v2\/pages\/80\/revisions\/553"}],"wp:attachment":[{"href":"https:\/\/sportcopywriters.com\/fr\/wp-json\/wp\/v2\/media?parent=80"}],"curies":[{"name":"wp","href":"https:\/\/api.w.org\/{rel}","templated":true}]}}